{"id":110,"date":"2017-05-01T10:21:12","date_gmt":"2017-05-01T08:21:12","guid":{"rendered":"http:\/\/clicmusikr.cluster017.ovh.net\/?page_id=110"},"modified":"2017-05-01T19:02:53","modified_gmt":"2017-05-01T17:02:53","slug":"enfoui-fuit","status":"publish","type":"page","link":"https:\/\/www.danielschell.net\/index.php\/chambre-ensemble\/enfoui-fuit\/","title":{"rendered":"Enfoui fuit"},"content":{"rendered":"<p>(1990, 1998) sextet for tiptar with music theatre<\/p>\n<p>&nbsp;<\/p>\n<p>Electro-acoustic sextet from\u00a0 Daniel Schell.\u00a0 Duration: about one hour. With acting by the musicians, sc\u00e9nettes and reading of texts by A.David-N\u00e9el, Max Stirner, E.Reclus.<br \/>\nEnsemble Karo, direction Ken Ichi Nakagawa,\u00a0 with Wolfgang Daiss (tap-guitar), Judit Gudor (clarinet), Marie-Paule Verlinden (French Horn), Fran\u00e7ois Deppe (cello), Jean-Luc Plouvier (synthesiser), Pierre Narcisse (tabla, percussion).<\/p>\n<p>A short description follows.<\/p>\n<p>Orchestration<\/p>\n<p>&#8220;L&#8217;Enfoui fuit&#8221; &#8211; approximative translation &#8216;The burried escapes&#8217; &#8211; is a concerto for sextett, involving an important part and soloing for the tiptar.<\/p>\n<p>Argument<\/p>\n<p>L&#8217;Enfoui involves also some theatrality and movements by the musicians. For instance, a marble gliding on the strings of the tiptar produces not only a wonderfull sound, but also a movement which will be imitated by the other musicians under various forms. &#8216;L&#8217;enfoui&#8217; is a humoristic view of the &#8216;devil&#8217; . Whatever our deeds, we produce only causes and effects, a bit like the <em>karma<\/em> in the buddhism.<br \/>\nThe music produces this effect by oscillations and trips around some stable characteristic elements such as natural events, melodies, bird songs, chords or even fixed points in a rhythmic cycle.<br \/>\nThe musicians have also to improvise, read and perform acting.<\/p>\n<p>Alexandra David-N\u00e9el<br \/>\nThe texts and ideas come from the famous orientalist and philosopher\u00a0 Alexandra David-N\u00e9el who lived in Brussels around 1880. Her father, was a political refugee and Brussels was at the time a harbour for many &#8220;anarchists&#8221; exilated from their country. reading include Karl Marx, Elys\u00e9e Reclus and also the extraordinary &#8216;The unique and his property by Max Stirner.<\/p>\n<p>Summary<br \/>\n<strong>\u00a0L&#8217;enfoui 01-&#8220;Quelques exp\u00e9riences naturelles&#8221;<\/strong><br \/>\nThe movement of balance, initiated by the marbles on the tiptar, will generate balance and glissandi for all the other musicians.<br \/>\nAfter a short trip, the piece ends up with a joyfull theme in &#8216;carreau&#8217;, a sort of cristalline jewel.<\/p>\n<p><strong>L&#8217;enfoui 02 Au monde envelopp\u00e9 dans les t\u00e9n\u00e8bres de l&#8217;ignorance<\/strong><br \/>\n&#8220;Au monde envelopp\u00e9 dans les t\u00e9n\u00e8bres de l&#8217;ignorance, je donnerai le rayon de la meilleures science&#8221; (&#8216;Lalita vistara&#8217; quoted by A. David-N\u00e9el in La Lampe de Sagesse. )<br \/>\nThis piece is first performed as a composition around a rhythmic cycle.\u00a0 Later on it will serve as a vehicle for a series of individual improvisation along some established rules. There are also tabla variations and group execution of claps and onmatopoeia singing.<br \/>\n<strong>L&#8217;enfoui 3 &#8220;Viens c&#8217;est l&#8217;heure, sors de ta maison, r\u00e9fl\u00e9chis&#8221;<\/strong><br \/>\nA first part, &#8220;Le repos au del\u00e0 de la joie&#8221;, is symphonic and expresses the sunrise. The second uses a simple popular theme where the clarinet can danse.<\/p>\n<p><strong>L&#8217;enfoui 4 &#8211; Le r\u00e9veil de l&#8217;habitant peint<\/strong><br \/>\nThe theme of this piece is the song of a blackbird of Suxy in the Belgian\u00a0 Ardennes. The composer found similarities with the themes of Ornette Coleman and orchestrated accordingly.<\/p>\n<p><strong>L&#8217;enfoui 5 &#8211; L&#8217;enjou\u00e9 jou\u00e9<\/strong><br \/>\nThe piece is about good resolutions and their future. One of them &#8216;I shall not cheat my partner anymore&#8217; can bring dramatic consequences, especially when &#8216;l&#8217;enjou\u00e9&#8217; is himself cheated. A contrapunctic treatment of several themes gives a picture of these errances. However, there is a funny ending to all stories, and so to the piece.<\/p>\n<p><strong>L&#8217;enfoui 6 &#8220;La joie d&#8217;\u00eatre sauf apr\u00e8s le nauffrage&#8221;<\/strong><br \/>\nOn a warm summer night, &#8216;L&#8217;enfoui&#8217; finds his wife&#8217; in the arms of a concurrent. A succession of quiet romantic passages tiptar solo involving glissandi- with violent explosions of the ensemble.<\/p>\n<p><strong>L&#8217;enfoui 07 L&#8217;encha\u00eenement infini<\/strong><br \/>\n&#8220;Des causes et effets. Karma vipaaka&#8221; A duet tiptar-clarinett ends up in a majestuous end.<\/p>\n<p><strong>L&#8217;enfoui 08 Bah! Oublions tout \u00e7a!<\/strong><br \/>\n&#8216;Let&#8217;s forget everything&#8217; The musicians leave the room as a joyfull marching band.<br \/>\n.<br \/>\nHistorique<br \/>\n&#8220;L&#8217;Enfoui fuit&#8221; had a first version in 1990.\u00a0 It was created in the Aeronef of Lille (command of Jean-Pascal Reux), and in Hildesheim (Uwe Kalwar) in presence of Emmett Chapman. Musicians:\u00a0 Dirk Descheemaeker (clar), Jan Kuijken (cello) Patrick Verstraete (cor), Jean-Luc Plouvier (synth\u00e9), Daniel Schell (tiptare), Pierre Narcisse (percussions)<br \/>\nThe piece was recomposed in 1998 and presented in the Botanique , Brussels.<br \/>\n&#8221; L&#8217;Enfoui fuit&#8221; 1998 was made possible by a command from Mr &amp; Mrs Werner Wobbe, by the\u00a0 Botanique, and by a grant from the Communaut\u00e9 Fran\u00e7aise de Belgique.<\/p>\n<p>&nbsp;<\/p>\n<p style=\"text-align: center;\"><strong>Score<\/strong><\/p>\n","protected":false},"excerpt":{"rendered":"<p>(1990, 1998) sextet for tiptar with music theatre &nbsp; Electro-acoustic sextet from\u00a0 Daniel Schell.\u00a0 Duration: about one hour. With acting by the musicians, sc\u00e9nettes and reading of texts by A.David-N\u00e9el, Max Stirner, E.Reclus. Ensemble Karo, direction Ken Ichi Nakagawa,\u00a0 with Wolfgang Daiss (tap-guitar), Judit Gudor (clarinet), Marie-Paule Verlinden (French Horn), &hellip;<\/p>\n","protected":false},"author":1,"featured_media":0,"parent":108,"menu_order":0,"comment_status":"closed","ping_status":"closed","template":"","meta":{"footnotes":""},"class_list":["post-110","page","type-page","status-publish","hentry"],"_links":{"self":[{"href":"https:\/\/www.danielschell.net\/index.php\/wp-json\/wp\/v2\/pages\/110"}],"collection":[{"href":"https:\/\/www.danielschell.net\/index.php\/wp-json\/wp\/v2\/pages"}],"about":[{"href":"https:\/\/www.danielschell.net\/index.php\/wp-json\/wp\/v2\/types\/page"}],"author":[{"embeddable":true,"href":"https:\/\/www.danielschell.net\/index.php\/wp-json\/wp\/v2\/users\/1"}],"replies":[{"embeddable":true,"href":"https:\/\/www.danielschell.net\/index.php\/wp-json\/wp\/v2\/comments?post=110"}],"version-history":[{"count":2,"href":"https:\/\/www.danielschell.net\/index.php\/wp-json\/wp\/v2\/pages\/110\/revisions"}],"predecessor-version":[{"id":249,"href":"https:\/\/www.danielschell.net\/index.php\/wp-json\/wp\/v2\/pages\/110\/revisions\/249"}],"up":[{"embeddable":true,"href":"https:\/\/www.danielschell.net\/index.php\/wp-json\/wp\/v2\/pages\/108"}],"wp:attachment":[{"href":"https:\/\/www.danielschell.net\/index.php\/wp-json\/wp\/v2\/media?parent=110"}],"curies":[{"name":"wp","href":"https:\/\/api.w.org\/{rel}","templated":true}]}}