{"id":16,"date":"2017-04-30T17:48:53","date_gmt":"2017-04-30T15:48:53","guid":{"rendered":"http:\/\/clicmusikr.cluster017.ovh.net\/?page_id=16"},"modified":"2022-09-23T18:44:27","modified_gmt":"2022-09-23T16:44:27","slug":"biographie-fr","status":"publish","type":"page","link":"https:\/\/www.danielschell.net\/index.php\/page-d-exemple\/biographie-fr\/","title":{"rendered":"Daniel Schell, Biographie"},"content":{"rendered":"<h2>Daniel Schell, Biographie<\/h2>\n<p><strong>Daniel Schell, biographie<\/strong><\/p>\n<p><strong><a href=\"mailto:clic@clicmusic.be\">clic@clicmusic.be<\/a><\/strong><strong> \u2013 <\/strong><strong><a href=\"mailto:danielschellmus@live.com\">danielschellmus@live.com<\/a><\/strong><\/p>\n<p>2018-11-20<\/p>\n<h2><\/h2>\n<h2><strong>R\u00e9f\u00e9rences<\/strong><\/h2>\n<p>Daniel\u00a0 Schell, passionn\u00e9 de math et de musique. (Schellekens 1944). Ing\u00e9nieur Civil (ULB) puis Recherche Op\u00e9rationnelle\/ Math\u00e9matiques appliqu\u00e9es (London School of Economics).\u00a0 Musique aux acad\u00e9mies d&#8217;Ixelles, guitare avec Olivier Morand, fl\u00fbte avec Octave Grillard. Harmonie et solf\u00e8ge sup\u00e9rieur \u00e0 Uccle, puis \u00e9tudie avec Andr\u00e9 Vandernoot et Ronald Zolman.\u00a0 Musique Indienne avec Ashok Pathak, Dhruba Ghosh, Harsh Wardhan, Pandit Jasraj et de nombreux ma\u00eetres.<\/p>\n<h2>Op\u00e9ras<\/h2>\n<p><strong>Op\u00e9ras<\/strong>: depuis sa rencontre avec Am\u00e9lie Nothomb il a \u00e9crit &#8220;<strong>Hygi\u00e8ne de l&#8217;Assassin<\/strong>&#8220;(cr\u00e9\u00e9 \u00e0 Bruxelles en 1995, puis Op\u00e9ra Royal de Wallonie,\u00a0 F\u00e9vrier 2000)\u00a0 et &#8220;<strong>Les Combustibles<\/strong>&#8221; (Paris, 1997) et enfin &#8220;<strong>Le Sabotage Amoureux<\/strong>&#8221; (Op\u00e9ra Royal de Wallonie, 2006). \u2018<strong>Neige de Soleil<\/strong>\u2019 sur po\u00e8mes et graphiques de Christian Dotremont, cr\u00e9\u00e9 par Gregory Decerf, baryton, et Quatuor Tana, 2016, pour Th\u00e9\u00e2tre Po\u00e8me et Ars Musica<\/p>\n<p>En pr\u00e9paration\u00a0:<strong>&#8216;Les contes de l&#8217;Arbre Roi\u2019<\/strong>, les mythes de la for\u00eat, livret en collaboration avec Jean-Claude Servais. <strong>&#8216;Vendredi\/Vrijdag&#8217;<\/strong> d&#8217;apr\u00e8s la pi\u00e8ce de Hugo Claus. &#8216;<strong>Der Neue Mensch<\/strong>&#8216; sur Otto Freundlich. &#8216;<strong>Dharma in Big Sur<\/strong>&#8216; sur Jack Kerouac<\/p>\n<p><strong>Compositions<\/strong><\/p>\n<p>&#8220;<strong>Oratorio Ishango<\/strong>&#8221; (2002). Derni\u00e8re performance Juin 2022:\u00a0 Direction Dirk Bross\u00e9, avec le Cavema Choeur de Namur, Choeur Africain, Quartette de Jazz (Soliste; Fabrice Aleman) ,\u00a0 Percussionistes Africains. Prparation du Coeur: Denis Menier. Sur textes de Tittinga Pacere (Burkina faso), Chirikure (Zimbabwe), Gcina Mhlope (South Afrika) and Lokenath Bhattacharya (Bengal,.<\/p>\n<p><strong>Compositions r\u00e9centes<\/strong>. \u2018<strong>Bavari\u2019<\/strong> Quatuor \u00e0 cordes, co-\u00e9crit avec Pandit Jasraj, cr\u00e9ation janvier 2014, Quatuor Tana<strong>. 3 Brani <\/strong>pour le\u00a0 Trio Harmonia, Quintette \u00e0 vent &#8216;<strong>L&#8217;art d&#8217;assis&#8217;<\/strong>, Sonate piano pour Alessandra Garossi, Quintette vocal\u00a0 &#8216;<strong>Funtana<\/strong>&#8216;, Sonate violon &#8216;<strong>Cecilia Affasciniata&#8217;<\/strong>. &#8220;<strong>Caro Trio Improvisatore<\/strong> pour Clarinette&#8221; (cr\u00e9\u00e9 par Emmanuel Suys au 1997 Festival &#8220;Gestes et Musique&#8221; France Musique.) &#8220;<strong>le Chant du San Serafino<\/strong>&#8221; pour Soprano &amp; Quintet sur texte de Pascale Tison (cr 1998, Ensemble Kadeleis, Botanique) &#8220;Caro Trio Improvisatore pour flute&#8221; cr\u00e9\u00e9 par Ariane de Bi\u00e8vre.<br \/>\n&#8216;<strong>The travelling musician<\/strong>&#8216; Quintette de cuivres pour &#8220;Brass in the five&#8221; Ensemble, dirig\u00e9 par Gergely Vajda, Budapest, 2000. &#8216;Optimal music&#8217; pour divers ensembles (Ed. Simonffy, Budapest) .\u00a0 &#8216;<strong>Gira Girasole<\/strong>&#8221; L&#8217;art de la variation, Ensemble Karo solistes Zoltan Lantos (viol), Isabella di Venosa (voc) Damiano Puliti (cello) F\u00eate Europ\u00e9enne de la musique, 2001. &#8220;<strong>Oratorio Ishango<\/strong>&#8221; (cr\u00e9\u00e9 2002) pour le Ch\u0153ur de Namur, le percussionniste Chris Joris, ses musiciens et percussionnistes africains. , Direction Denis Menier, sur textes de Lokenath Bhattacharya (Bengale), Frederic Tittinga Pacere (Burkina faso), Chirikure (Zimbabwe), Gcina Mhlope (Afrique du sud). Reprise en 2016 avec Barbara Hendrickx. \/\/\/ <strong>L&#8217;Aile Perdue<\/strong> trio pour tape-guitare, O.Verschueren ( tg ), E.Suys ( cl ), A.Charbonnel ( cel ). \/\/\/ Melodies \u2018<strong>Se amando troppo\u2019<\/strong> (2000-2013) sur po\u00e8mes de Dacia Maraini, pour Chiara de Palo (sop)\/\/\/\/ \u2018<strong>Bawari<\/strong>\u2019 en collaboration avec \u00a0Pandit Jasraj pour Tana String Quartet (2013)\/\/\/ &#8216;<strong>Les Belles Endormies<\/strong>&#8216; pour \u00a0tape-guitare et bansuri 2016. En preparation &#8216;<strong>Concerto for Tap-Guitar and Orchestra&#8217;<\/strong> .<\/p>\n<p><strong>Ensembles, <\/strong><\/p>\n<p>Daniel a fond\u00e9 le Groupe <strong>Cos<\/strong>, fin des ann\u00e9es 70. Successivement &#8220;Postaeolian train robbery&#8221; (r\u00e9\u00e9dit\u00e9 internationalement), &#8220;Viva Boma&#8221; (EMI) r\u00e9\u00e9dit\u00e9s par Musea, France. Puis &#8220;Babel&#8221;, &#8220;Swiss Chalet&#8221; enfin &#8220;Pasiones&#8221; un opera qui connut une centaine de repr\u00e9sentations. Parmi les solistes: Pascale Son, Ilona Chale, Charles Loos, Pierre Van Dormael, N. Fiszman, P. Allaert et d&#8217;autres.<\/p>\n<p>Il collabore \u00e9galement avec Dick Annegarn sur &#8216;Egmont&#8217;, une impression sur la musique des Pays-Bas.<\/p>\n<p>Depuis 1990, il a fond\u00e9 l&#8217;<strong>Ensemble Karo<\/strong>, (solistes P. Narcisse, D. Descheemaeker, Jan Kuijken J.L.Plouvier, J.L.Manderlier) groupe \u00e9lectro-acoustique avec lequel il enregistre &#8220;If Windows they have&#8221; et &#8220;The Secret of Bwlch&#8221; , Crammed Discs. Egalement\u00a0 &#8220;Gira Girasole&#8221; pour Materiali Sonori, San Giovani Val d&#8217;Arno contient des variations sur des th\u00e8mes populaires d&#8217;Italie. R\u00e9cemment il se concentre sur une formule r\u00e9duite: le <strong>Karo Trio <\/strong>dans lequel il\u00a0 invite des musiciens comme Ariane De Bi\u00e8vre, Fabrice de Graef, Sandip Banerjee, Pierre Narcisse ou Carlo Strazzante, \u00e0 pratiquer une musique mi- lue, mi- improvis\u00e9e.<\/p>\n<p><strong>\u00a0<\/strong><\/p>\n<p><strong>Musique Optimale et Th\u00e9orie Math-Musique<br \/>\n<\/strong>Son langage personnel l&#8217;am\u00e8ne \u00e0 combiner les math\u00e9matiques et l&#8217;harmonie sous forme de &#8220;carreaux&#8221;, une sorte de pavage optimal et g\u00e9om\u00e9trique. Ce proc\u00e9d\u00e9 qui intervient par exemple dans le cr\u00e9ation d&#8217;harmonie, ou encore dans la transformation de m\u00e9lodies traditionnelles (Italie, Inde, chant gr\u00e9gorien),\u00a0 a domin\u00e9 ses travaux r\u00e9cents. Il fait des s\u00e9jours dans diverses institutions dont l&#8217;Ircam,. En 2002, EURO, la Soci\u00e9t\u00e9 Europ\u00e9enne de Recherche Op\u00e9rationnelle, lui a command\u00e9\u00a0 une s\u00e9rie d&#8217;\u0153uvres destin\u00e9es \u00e0 illustrer\u00a0 l&#8217;optimalit\u00e9 en musique. Ces \u0153uvres, avec entre autres le quintette \u00e0 vent &#8216;The travelling Musician&#8217; et les &#8216;Optimal studies&#8217;, ont \u00e9t\u00e9 cr\u00e9\u00e9es \u00e0 Budapest.<\/p>\n<p><strong>Th\u00e9\u00e2tre musical:<\/strong><br \/>\n<strong>&#8216;L&#8217;enfoui fuit&#8217;<\/strong> sextette pour tiptare, clarinette, cello, cor, synth\u00e9tiseur, percussion. Avec sc\u00e9nettes musicales. Direction: Ken Ichi Nagakawa.<\/p>\n<p><strong>&#8216;L&#8217;Arbre Roi&#8217;<\/strong> sur texte et images de Jean-Claude Servais. Certaines pi\u00e8ces ont \u00e9t\u00e9 cr\u00e9\u00e9es pour la Ville de Rambouillet, avec l&#8217;Ensemble du Conservatoire de Mons, direction Jean-Philippe Collard-Neven.<br \/>\n<strong>&#8216;Digue&#8217; <\/strong>(2007) sur po\u00e8me de Christian Dotremont, avec Vid\u00e9o projection, Mathilde Sevrin (sop), Ensemble Conservatoire Mons.<\/p>\n<p><strong>Cin\u00e9ma<\/strong> : musique de &#8220;Het Gezin Van Paemel&#8221; de Paul Cammermans-Hugo Claus- prod. Jan Van Raemdonck , &#8220;Papegaai&#8221; de Hans Hilkema, &#8220;le monde de Ludovic&#8221; de Jean-Pierre De Decker.\u00a0 &#8220;Ionesco&#8221; de Thierry Zeno,\u00a0 &#8220;Lions&#8221; de Justin Cartwright (BBC).<\/p>\n<p><strong>Silent Movies<\/strong>: Daniel accompagne les films muets, principalement surr\u00e9alistes, \u00a0de Henri Storck, Henri d\u2019Ursel, Ernst Moerman, Charles Dekeukeleire. Ces performances ont \u00e9t\u00e9 men\u00e9es dans difff\u00e9rents mus\u00e9es comme Bozar, Mus\u00e9e d\u2019Orsay, Beaubourg\u2026<\/p>\n<p><strong>Arrangements<\/strong> Toujours pour les films il produit et arrange de nombreux enregistrements d&#8217;op\u00e9ras (Bellini, Verdi, Rossini, Mozart) et de symphonies (Mendelsohn, Delibes&#8230;).En 2007il \u00e9crit l&#8217;Arrangement du Concerto de Paganini Pour l&#8217;Harmonie Royale des Guides, soliste Lorenzo Gatto.<\/p>\n<h2><strong>Danse<\/strong><\/h2>\n<p>Avi Kaiser\u00a0 &#8221; Le d\u00e9part de Marseille&#8221;(1992) commande du Stadttheater Remscheid.<\/p>\n<h2>Tape-guitare<\/h2>\n<p>L&#8217;<strong>instrument<\/strong> jou\u00e9 par Daniel Schell est une tape guitare, ou <strong>tiptare<\/strong>. Cet instrument qui vient de la guitare tap\u00e9e du bout des doigts a \u00e9t\u00e9 d\u00e9velopp\u00e9 depuis les ann\u00e9es 50 aux USA. Ensuite il a \u00e9t\u00e9 d\u00e9velopp\u00e9 en Californie, dans les ann\u00e9es 1970 par Emmett Chapman que Schell rencontre et avec lequel il fait ses premiers pas. C\u2019est un instrument amplifi\u00e9 \u00e9lectroniquement. Le manche est similaire \u00e0 celui d\u2019une guitare, cependant les cordes sont tap\u00e9es du bout des doigts et non pinc\u00e9es. De cette mani\u00e8re les deux mains peuvent agir et sont ind\u00e9pendantes.\u00a0 Il y a 6 cordes de m\u00e9lodie et 6 cordes de basse ou d\u2019accompagnement. Pour cet instrument Daniel \u00e9crit la m\u00e9thode \u00a0&#8216;<strong>Mon Espace, Mon Temps&#8217;<\/strong> et le recueil d&#8217;\u00e9tudes &#8216;<strong>Le Sentier<\/strong>&#8216;<\/p>\n<p>Daniel Schell a cr\u00e9\u00e9 le \u201e<strong>S\u00e9minaire Europ\u00e9en de Tape Guitare E-Tape<\/strong> \u201e, lieu d\u2019enseignement et de cr\u00e9ation pour les \u00e9tudiants venus de toute l\u2019Europe. Les noms les plus importants sont venus le rejoindre: Wolfgang Daiss qui interpr\u00e8te \u00e0 pr\u00e9sent ses compositions importantes. Ainsi que F. Jolliffe, K.Wagner, Jim Lampi, M. Reuter, T. Rockwell, Jim Wright, R. Strom, Kay Kurosawa et d&#8217;autres. Apr\u00e8s avoir adopt\u00e9\u00a0 \u00e0 la tiptare des m\u00e9thodes venant d\u2019instruments classiques- piano, guitare, violoncelle- Daniel a progressivement r\u00e9alis\u00e9 que beaucoup pouvait \u00eatre appris grace \u00e0 \u00a0l&#8217;\u00e9tude approfondie de la <strong>musique classique de l\u2019Inde<\/strong>.<\/p>\n<h2><strong>L&#8217;Acad\u00e9mie Sangit de Musique Indienne<\/strong><\/h2>\n<p>Avec Pierre Narcisse et Swami Dyanabjanada, il fonde l&#8217;<strong>Acad\u00e9mie Sangit <\/strong>de musique classique de l&#8217;Inde en 1992. Il y \u00e9tudie entre autres les sch\u00e9mas d&#8217;ind\u00e9pendance de mains au tablas\u00a0 Il approfondit diverses techniques avec Ash\u00f4k P\u00e2thak pour le sit\u00e2r, Dhruba Ghosh pour le solf\u00e8ge et l&#8217;ornementation. Fort de cette exp\u00e9rience, Daniel \u00e9crit &#8220;Pratique de la Musique Indienne\u2019. De nombreux ma\u00eetres (Incluant Pandit Jasraj, Rita Ganguli, Subroto Roy Chowdury, Ronu Majumdar, Kala Ramnath, Harsh Wardan, Purbayan Chatterjee) visitent l&#8217;Acad\u00e9mie r\u00e9guli\u00e8rement. Daniel a accompagn\u00e9 Ashok Pathak, Rita Ganguli, Shaila Piplapure, Sangeeta Bandyopadhyay et Gauri Guha en concert.\u00a0 Enfin il joue r\u00e9guli\u00e8rement en compagnie de Sandip Banerjee, avec lequel il a r\u00e9dig\u00e9 une m\u00e9thode &#8220;<strong>Le tabla<\/strong>&#8220;. Avec Harsh Wardhan \u2018<strong>Le Bansuri\u2019<\/strong>. \u2018<strong>The Jasraj Songbook\u2019<\/strong> avec Pandit Jasraj, \u2018<strong>The violin\u2019<\/strong> avec Indrayudh Bose, et d\u2019autres. Il a \u00e9t\u00e9 invit\u00e9 en tourn\u00e9e en Inde plusieurs fois par l\u2019Indian Council of Cultural Relationship.<\/p>\n","protected":false},"excerpt":{"rendered":"<p>Daniel Schell, Biographie Daniel Schell, biographie clic@clicmusic.be \u2013 danielschellmus@live.com 2018-11-20 R\u00e9f\u00e9rences Daniel\u00a0 Schell, passionn\u00e9 de math et de musique. (Schellekens 1944). Ing\u00e9nieur Civil (ULB) puis Recherche Op\u00e9rationnelle\/ Math\u00e9matiques appliqu\u00e9es (London School of Economics).\u00a0 Musique aux acad\u00e9mies d&#8217;Ixelles, guitare avec Olivier Morand, fl\u00fbte avec Octave Grillard. Harmonie et solf\u00e8ge sup\u00e9rieur \u00e0 &hellip;<\/p>\n","protected":false},"author":1,"featured_media":0,"parent":2,"menu_order":0,"comment_status":"closed","ping_status":"closed","template":"","meta":{"footnotes":""},"class_list":["post-16","page","type-page","status-publish","hentry"],"_links":{"self":[{"href":"https:\/\/www.danielschell.net\/index.php\/wp-json\/wp\/v2\/pages\/16"}],"collection":[{"href":"https:\/\/www.danielschell.net\/index.php\/wp-json\/wp\/v2\/pages"}],"about":[{"href":"https:\/\/www.danielschell.net\/index.php\/wp-json\/wp\/v2\/types\/page"}],"author":[{"embeddable":true,"href":"https:\/\/www.danielschell.net\/index.php\/wp-json\/wp\/v2\/users\/1"}],"replies":[{"embeddable":true,"href":"https:\/\/www.danielschell.net\/index.php\/wp-json\/wp\/v2\/comments?post=16"}],"version-history":[{"count":4,"href":"https:\/\/www.danielschell.net\/index.php\/wp-json\/wp\/v2\/pages\/16\/revisions"}],"predecessor-version":[{"id":652,"href":"https:\/\/www.danielschell.net\/index.php\/wp-json\/wp\/v2\/pages\/16\/revisions\/652"}],"up":[{"embeddable":true,"href":"https:\/\/www.danielschell.net\/index.php\/wp-json\/wp\/v2\/pages\/2"}],"wp:attachment":[{"href":"https:\/\/www.danielschell.net\/index.php\/wp-json\/wp\/v2\/media?parent=16"}],"curies":[{"name":"wp","href":"https:\/\/api.w.org\/{rel}","templated":true}]}}