{"id":197,"date":"2017-05-01T18:01:01","date_gmt":"2017-05-01T16:01:01","guid":{"rendered":"http:\/\/clicmusikr.cluster017.ovh.net\/?page_id=197"},"modified":"2023-04-06T19:10:50","modified_gmt":"2023-04-06T17:10:50","slug":"neige-de-soleil-fr","status":"publish","type":"page","link":"https:\/\/www.danielschell.net\/index.php\/opera-music-theater\/christian-dotremont-2\/neige-de-soleil-fr\/","title":{"rendered":"Neige de Soleil Fr"},"content":{"rendered":"<p style=\"text-align: left;\"><img loading=\"lazy\" decoding=\"async\" class=\"alignnone size-medium wp-image-78 aligncenter\" src=\"http:\/\/www.danielschell.net\/wp-content\/uploads\/2017\/05\/neige-de-soleil-300x58.png\" alt=\"\" width=\"300\" height=\"58\" srcset=\"https:\/\/www.danielschell.net\/wp-content\/uploads\/2017\/05\/neige-de-soleil-300x58.png 300w, https:\/\/www.danielschell.net\/wp-content\/uploads\/2017\/05\/neige-de-soleil.png 653w\" sizes=\"(max-width: 300px) 100vw, 300px\" \/><\/p>\n<p style=\"text-align: center;\">\u00a0 \u00a0L&#8217;amour \u00a0 \u00a0 \u00a0 \u00a0 Neige \u00a0 \u00a0 \u00a0 \u00a0 de \u00a0 \u00a0 \u00a0 \u00a0 \u00a0 \u00a0 soleil<\/p>\n<h3 style=\"text-align: center;\">Neige de soleil<\/h3>\n<h3 style=\"text-align: center;\">Pr\u00e9sentation Courte<\/h3>\n<p><img loading=\"lazy\" decoding=\"async\" class=\"size-medium wp-image-62 aligncenter\" src=\"http:\/\/www.danielschell.net\/wp-content\/uploads\/2017\/05\/ShortIntro-300x225.png\" alt=\"\" width=\"300\" height=\"225\" srcset=\"https:\/\/www.danielschell.net\/wp-content\/uploads\/2017\/05\/ShortIntro-300x225.png 300w, https:\/\/www.danielschell.net\/wp-content\/uploads\/2017\/05\/ShortIntro-768x577.png 768w, https:\/\/www.danielschell.net\/wp-content\/uploads\/2017\/05\/ShortIntro-266x200.png 266w, https:\/\/www.danielschell.net\/wp-content\/uploads\/2017\/05\/ShortIntro.png 807w\" sizes=\"(max-width: 300px) 100vw, 300px\" \/><\/p>\n<h3 style=\"text-align: center;\">Creation du nouvel op\u00e9ra de Daniel Schell:<\/h3>\n<h1 style=\"text-align: center;\">&#8216;Neige de Soleil&#8217;<\/h1>\n<h3 style=\"text-align: center;\">Le voyage de Christian Dotremont en Laponie<\/h3>\n<h3 style=\"text-align: center;\">sur po\u00e9sie et logogrammes de Christian Dotremont<\/h3>\n<p style=\"text-align: center;\">Neige de Soleil a \u00e9t\u00e9 cr\u00e9\u00e9 le 27 Mai, 2016 au Th\u00e9atre Po\u00e8me, Bruxelles<\/p>\n<p style=\"text-align: center;\">dans le cadre du Festival Ars Musica<\/p>\n<h2><b>Op\u00e9ra<\/b><\/h2>\n<p>Musique Daniel Schell<\/p>\n<p>Livret Daniel Schell, bas\u00e9 sur l&#8217;\u0153uvre de Christian Dotremont<\/p>\n<h2>Pr\u00e9sentation<\/h2>\n<p>Version 009 du 30 04 2017<\/p>\n<p><b>Audio-Visuel<\/b><\/p>\n<p>&#8221;Amour, Neige de Soleil&#8217; en repr\u00e9sentation, Juin 2016.<\/p>\n<p>Video sur YouTube:<a href=\"https:\/\/youtu.be\/F_tiwTTXWDU\"> &#8216;Amour, Neige de Soleil&#8217;<\/a><\/p>\n<p>&#8216;Amour, Neige de Soleil&#8217; enregistr\u00e9 au Studio Igloo, Bruxelles, Octobre 2015<\/p>\n<p>Video sur\u00a0 YouTube : <a href=\"http:\/\/youtu.be\/Hz9fSROBt-g\">&#8216;Amour, Neige de Soleil&#8217;<\/a><\/p>\n<p>Son sur SoundCloud <a href=\"https:\/\/soundcloud.com\/daniel-schell\/amour-neige-de-soleil\">&#8216;Amour, Neige de Soleil&#8217;<\/a><\/p>\n<h3><b>Argument\u00a0<\/b><\/h3>\n<p>Le 4 Mai 1976,. Christian Dotremont- po\u00e8te, graphiste et fondateur du groupe CoBrA- 54 ans, part en Laponie accompagn\u00e9 d\u2019une jeune \u00e9tudiante, Caroline G, que nous appelons ici <i>l\u2019Accompagnatrice<\/i>. Int\u00e9ress\u00e9e par son \u0153uvre, elle termine un m\u00e9moire sur lui \u00e0 l\u2019Universit\u00e9 de Bruxelles. Elle va partager son voyage, qui les am\u00e8nera en Laponie o\u00f9 ils s\u00e9journeront deux semaines dans une auberge.<\/p>\n<p>La mauvaise sant\u00e9 de Christian ne lui permet pas de porter ses valises. C&#8217;est donc l\u2019Accompagnatrice\u00a0 qui les porte et s&#8217;occupe par ailleurs des courses, de la poste, veille \u00e0 ce qu\u2019il se repose chaque apr\u00e8s-midi, \u00e0 ce qu\u2019il retrouve l\u2019\u00e9nergie de faire notamment des promenades etc.. A cette \u00e9poque, et depuis longtemps, la sant\u00e9 de Dotremont n&#8217;est gu\u00e8re brillante. Il marche excessivement lentement, n&#8217;effectue\u00a0 que de tr\u00e8s courtes promenades, qui durent maximum cinq minutes. Il\u00a0 doit s\u2019arr\u00eater souvent pour retrouver son souffle. Sa vie est en danger. Chaque instant de vie est v\u00e9cu comme le dernier, comme s\u2019il savait que ses jours sont compt\u00e9s.<\/p>\n<p>La journ\u00e9e, Christian travaille \u00e0 ses po\u00e8mes, qu\u2019il traduit graphiquement en ses fameux \u00ab\u202fLogogrammes\u202f\u00bb. Ces logogrammes sont une sorte de calligraphie libre qui traduit le texte de sa po\u00e9sie. Un lecteur averti comme Guy Dotremont, fr\u00e8re de Christian, peut d\u2019ailleurs d\u00e9chiffrer et recr\u00e9er ces textes au d\u00e9part du logogramme. Le mouvement est toutefois libre, et cela est typique du mouvement Cobra que Christian a fond\u00e9. On peut presque parler d\u2019un mouvement <i>d\u2019action-painting<\/i> \u00e0 la Jackson Pollock, sauf qu\u2019ici il y a un contenu litt\u00e9raire derri\u00e8re les symboles.<\/p>\n<p>Christian trace \u00e9galement logogrammes en situation\u202f: les \u00ab\u202flogoneiges\u202f\u00bb pr\u00e9cis\u00e9ment, dans la neige magnifique de la Laponie.<\/p>\n<p>Les sc\u00e8nes de logoneiges seront la partie culminante de cet op\u00e9ra. Christian les trace avec un b\u00e2ton, de diverses mani\u00e8res, notamment en s\u2019y roulant \u2026<\/p>\n<h3><b>Construction <\/b><b>du livret<\/b><\/h3>\n<p>Le livret conte une journ\u00e9e de Christian D., refl\u00e9tant heure par heure un quasi rituel. Matin \u00e9criture, midi repas, apr\u00e8s-midi sieste, promenade, visite au caf\u00e9 local.<\/p>\n<p>L&#8217;\u0153uvre est un op\u00e9ra pour un seul chanteur. La pi\u00e8ce se d\u00e9roule dans une chambre de l\u2019auberge. Sur la droite, une porte virtuelle ouverte sur l\u2019autre chambre, celle de l\u2019accompagnatrice, avec laquelle il parle fr\u00e9quemment.\u00a0 Les actions de performances &#8216;logo-neiges&#8217; ont lieu dans une partie de la sc\u00e8ne r\u00e9serv\u00e9e \u00e0 la neige.<\/p>\n<p>La construction insiste sur les id\u00e9es ch\u00e8res \u00e0 Dotremont, notamment le sens de la spontan\u00e9it\u00e9, du jeu, de la r\u00e9p\u00e9tition et de l&#8217;\u00e9ph\u00e9m\u00e8re. Les notions de r\u00e9p\u00e9tition et d&#8217;\u00e9ph\u00e9m\u00e8re joueront un r\u00f4le pr\u00e9pond\u00e9rant dans la musique et la construction g\u00e9n\u00e9rale de la pi\u00e8ce. Dotremont est un po\u00e8te qui exag\u00e8re l\u2019\u00e9criture naturelle et la rend picturale. Sa page blanche peut \u00eatre de la neige, et dans ce cas, il y a d\u00e9marche de land art.<\/p>\n<p>Il r\u00e9p\u00e8te avec l\u2019Accompagnatrice des actions, par exemple des prises de vue, absolument identiques dans les d\u00e9tails de leur d\u00e9roulement, d\u2019un voyage en Laponie \u00e0 un autre (il en fera onze). M\u00eame entr\u00e9e et comportement au bar local,\u00a0 m\u00eame menu, m\u00eame angle de vue photographique d\u2019un voyage \u00e0 un autre, m\u00eames attitudes.<\/p>\n<p>A part cela, il est tr\u00e8s dr\u00f4le et remplit sa vie et ses dires d&#8217;humour. Il y a un m\u00e9lange de gravit\u00e9 et d\u2019humour, d\u2019insistance et de pr\u00e9carit\u00e9, un espace du peu et du beaucoup dans un m\u00eame temps.<\/p>\n<p>Les textes sont emprunt\u00e9s, \u00e0 ses po\u00e8mes, ses \u00e9crits, aux titres de logoneiges et logogrammes de cette m\u00eame \u00e9poque.<\/p>\n<p><b>\u00ab\u202fPour un rien plein\u202f\u00bb<\/b><\/p>\n<p>Le logoneige \u2018Pour un rien plein\u2019 revient comme un leitmotiv. Il le trace \u00e0 de nombreuses reprises.<\/p>\n<p>\u00ab\u202fNotre temps compte-t-il un \u00e9v\u00e9nement positif, c\u2019est la d\u00e9couverte du rien plein par une r\u00e9union imposante quoique peu visible\u2026\u202f\u00bb (Strates, 1963). \u00ab\u202fPour un Rien, Plein\u202f\u00bb est expliqu\u00e9 en grande partie par le\u00a0 texte de \u00ab\u202fNous n\u2019avons rien \u00e0 faire de l\u2019Au-del\u00e0\u202f\u00bb. Guy Dotremont me l\u2019explique\u00a0 oralement comme suit\u202f:<\/p>\n<p>\u00ab\u202f<i>La plaine enneig\u00e9e de Laponie est <\/i><i>un vide, mais ce\u00a0 vide se remplit vite\u2026<\/i><i>un calme immense, un rien l\u2019anime, un peu de vent fait trembler un brin d\u2019herbe et\u00a0 l\u2019espace est plein<\/i><i>\u202f\u00bb .<\/i>Cette vision semble tr\u00e8s proche du vide bouddhiste pourtant, d\u2019apr\u00e8s Guy Dotremont encore, Christian Dotremont n\u2019aurait pas manifest\u00e9 un int\u00e9r\u00eat sp\u00e9cial pour le bouddhisme<\/p>\n<p><img loading=\"lazy\" decoding=\"async\" class=\"size-medium wp-image-63 aligncenter\" src=\"http:\/\/www.danielschell.net\/wp-content\/uploads\/2017\/05\/Pour1RienPlein-226x300.png\" alt=\"\" width=\"226\" height=\"300\" srcset=\"https:\/\/www.danielschell.net\/wp-content\/uploads\/2017\/05\/Pour1RienPlein-226x300.png 226w, https:\/\/www.danielschell.net\/wp-content\/uploads\/2017\/05\/Pour1RienPlein-151x200.png 151w, https:\/\/www.danielschell.net\/wp-content\/uploads\/2017\/05\/Pour1RienPlein.png 593w\" sizes=\"(max-width: 226px) 100vw, 226px\" \/><\/p>\n<p><b>Figure <\/b><b>1<\/b><b> \u00ab\u202f<\/b><b>Pour un Rien Plein<\/b><b>\u202f\u00bb<\/b><b>, <\/b><b>logoneige<\/b><b>, 1963, (Extraits de Revue\u00a0 Strate No1, Photo Christian Dotremont)<\/b><\/p>\n<p><b>Acteurs<\/b><\/p>\n<p>Christian Dotremont, baryton , chant\u00e9 par Gregory Decerf<\/p>\n<p><img loading=\"lazy\" decoding=\"async\" class=\"wp-image-64 aligncenter\" src=\"http:\/\/www.danielschell.net\/wp-content\/uploads\/2017\/05\/Decerf_Gregory_02_S-300x225.jpg\" alt=\"\" width=\"164\" height=\"123\" srcset=\"https:\/\/www.danielschell.net\/wp-content\/uploads\/2017\/05\/Decerf_Gregory_02_S-300x225.jpg 300w, https:\/\/www.danielschell.net\/wp-content\/uploads\/2017\/05\/Decerf_Gregory_02_S-768x576.jpg 768w, https:\/\/www.danielschell.net\/wp-content\/uploads\/2017\/05\/Decerf_Gregory_02_S-267x200.jpg 267w, https:\/\/www.danielschell.net\/wp-content\/uploads\/2017\/05\/Decerf_Gregory_02_S.jpg 800w\" sizes=\"(max-width: 164px) 100vw, 164px\" \/><\/p>\n<p>Eventuellement, l\u2019Accompagnatrice, actrice (danseuse?),\u00a0 muette, pr\u00e9sente ou non<\/p>\n<p><b>Musiciens<\/b>\u202f:<\/p>\n<p>Quatuor \u00e0 cordes, \u2018<b>Quatuor Tana\u2019<\/b><\/p>\n<p>Le Quatuor Tana se sp\u00e9cialise dans l\u2019interpr\u00e9tation de compositeurs contemporains.<\/p>\n<p>Les musiciens sont\u202f:<\/p>\n<p>Antoine Maisonhaute, violon 1<\/p>\n<p>Ivan Lebrun, violon 2<\/p>\n<p>Maxime Desert, alto<\/p>\n<p>Jeanne Maisonhaute, cello<\/p>\n<p><img loading=\"lazy\" decoding=\"async\" class=\"size-medium wp-image-65 aligncenter\" src=\"http:\/\/www.danielschell.net\/wp-content\/uploads\/2017\/05\/s_tana_studio-7-nicolas-draps-200x300.jpg\" alt=\"\" width=\"200\" height=\"300\" srcset=\"https:\/\/www.danielschell.net\/wp-content\/uploads\/2017\/05\/s_tana_studio-7-nicolas-draps-200x300.jpg 200w, https:\/\/www.danielschell.net\/wp-content\/uploads\/2017\/05\/s_tana_studio-7-nicolas-draps-133x200.jpg 133w, https:\/\/www.danielschell.net\/wp-content\/uploads\/2017\/05\/s_tana_studio-7-nicolas-draps.jpg 280w\" sizes=\"(max-width: 200px) 100vw, 200px\" \/><\/p>\n<h2>Production de 2016<\/h2>\n<p>Th\u00e9\u00e2tre Po\u00e8me, dir. Dolores Oscari<\/p>\n<p>Ars Musica festival, dir. Bruno Letort<\/p>\n<p>Mise en sc\u00e8ne : Pascal Crochet<\/p>\n<p>Traitement graphique des logogrammes : Simona Gropeneanu \/ Infographie: Marie Kasemierczak<\/p>\n<p>Partitions: Clic Music<\/p>\n<p>Scenographie : Alicia Jeannin &#8211; Lumi\u00e8re : Florence Richard\u00a0 Decors: Beno\u00eet Francart<\/p>\n<p><b>Construction de la composition<\/b><\/p>\n<p>La pi\u00e8ce alterne entre monologues en <b><em>Sprechgezang,<\/em><\/b> parl\u00e9s-chant\u00e9s, et m\u00e9lodies.<\/p>\n<p>Les m\u00e9lodies sont \u00e9crites sur les po\u00e8mes qu&#8217;il \u00e9crivit plus ou moins en m\u00eame temps, au cours de l\u2019ann\u00e9e 1976. Ceux-ci sont principalement issus de \u2018logogrammes\u2019 et surtout de \u2018logoneiges\u2019. Les textes des logoneiges, par n\u00e9cessit\u00e9, ne sont constitu\u00e9s que de quelques mots, alors que ceux des logogrammes contiennent parfois trois pages.<\/p>\n<p>La construction musicale reprendra celle que j\u2019ai d\u00e9j\u00e0 utilis\u00e9e dans ma pr\u00e9c\u00e9dente pi\u00e8ce \u2018Digue\u2019 \u00e9crite elle aussi sur un po\u00e8me de Dotremont. Je reprends les logogrammes\/neiges et les traduis musicalement par des actions de cordes, principalement de violoncelle. Le proc\u00e9d\u00e9 est fr\u00e9quemment utilis\u00e9 mais pas tout le temps. Les graphiques de logogrammes servent de th\u00e8mes pour la partition. Ils sont traduits en mouvements analogues: des mouvements \u2018Cobra\u2019 en somme. Ces th\u00e8mes graphiques, sont trait\u00e9s en solo ou en voix multiples, canons et autres encha\u00eenements. Ils sont ensuite englob\u00e9s dans divers types d&#8217;harmonisations.<\/p>\n<p><b>Decor<\/b><\/p>\n<p>Chaise, table, lit, po\u00eale, valise<\/p>\n<p>Sugg\u00e9r\u00e9: La chambre de Dotremont communicant, par une porte ouverte, avec une chambre invisible, celle de l&#8217;accompagnatrice .<\/p>\n<p>Ext\u00e9rieur sugg\u00e9r\u00e9: paysages de neige et village d\u2019Ivalo<\/p>\n<p><img loading=\"lazy\" decoding=\"async\" class=\" wp-image-66 aligncenter\" src=\"http:\/\/www.danielschell.net\/wp-content\/uploads\/2017\/05\/NeigeSoleil-p1-212x300.png\" alt=\"\" width=\"512\" height=\"724\" srcset=\"https:\/\/www.danielschell.net\/wp-content\/uploads\/2017\/05\/NeigeSoleil-p1-212x300.png 212w, https:\/\/www.danielschell.net\/wp-content\/uploads\/2017\/05\/NeigeSoleil-p1-768x1086.png 768w, https:\/\/www.danielschell.net\/wp-content\/uploads\/2017\/05\/NeigeSoleil-p1-724x1024.png 724w, https:\/\/www.danielschell.net\/wp-content\/uploads\/2017\/05\/NeigeSoleil-p1-141x200.png 141w, https:\/\/www.danielschell.net\/wp-content\/uploads\/2017\/05\/NeigeSoleil-p1.png 1240w\" sizes=\"(max-width: 512px) 100vw, 512px\" \/><\/p>\n<p>Photos des logo-neiges\/grammes, par Caroline Ghyselen, et d\u2019autres photographes, Radomir\u2026 ,.<\/p>\n<p><b>Les <\/b><b>Logoneiges<\/b><\/p>\n<p><img loading=\"lazy\" decoding=\"async\" class=\"size-medium wp-image-67 alignnone\" src=\"http:\/\/www.danielschell.net\/wp-content\/uploads\/2017\/05\/VillageVagabond-300x225.png\" alt=\"\" width=\"300\" height=\"225\" srcset=\"https:\/\/www.danielschell.net\/wp-content\/uploads\/2017\/05\/VillageVagabond-300x225.png 300w, https:\/\/www.danielschell.net\/wp-content\/uploads\/2017\/05\/VillageVagabond-768x576.png 768w, https:\/\/www.danielschell.net\/wp-content\/uploads\/2017\/05\/VillageVagabond-267x200.png 267w, https:\/\/www.danielschell.net\/wp-content\/uploads\/2017\/05\/VillageVagabond.png 800w\" sizes=\"(max-width: 300px) 100vw, 300px\" \/><\/p>\n<p><b>Figure <\/b><b>2<\/b> <b>Chistian<\/b><b> tra\u00e7ant le <\/b><b>logoneige<\/b><b> \u00ab\u202fIci ma terre d\u2019\u00e9lection mon village de vagabond\u202f\u00bb\u00a0 (1) <\/b><b>(Photo <\/b><b>Radomir 1973 p186 Guy Dotremont<\/b><\/p>\n<p>\u00ab\u202fSerpent de neige sifflant au soleil\u202f\u00bb est un texte de logogramme particuli\u00e8rement marquant, que Christian trace dans la neige. Caroline Ghyselen en rapporte l\u2019ex\u00e9cution dans les trois photos ci-dessous.<\/p>\n<p><img loading=\"lazy\" decoding=\"async\" class=\"alignnone size-medium wp-image-68\" src=\"http:\/\/www.danielschell.net\/wp-content\/uploads\/2017\/05\/SerpentNeige-300x199.png\" alt=\"\" width=\"300\" height=\"199\" srcset=\"https:\/\/www.danielschell.net\/wp-content\/uploads\/2017\/05\/SerpentNeige-300x199.png 300w, https:\/\/www.danielschell.net\/wp-content\/uploads\/2017\/05\/SerpentNeige-768x509.png 768w, https:\/\/www.danielschell.net\/wp-content\/uploads\/2017\/05\/SerpentNeige-302x200.png 302w, https:\/\/www.danielschell.net\/wp-content\/uploads\/2017\/05\/SerpentNeige.png 800w\" sizes=\"(max-width: 300px) 100vw, 300px\" \/><\/p>\n<p><b>Figure <\/b><b>3<\/b><b> Christian tra\u00e7ant &#8216;Serpent de neige sifflant au soleil (1) 1976. (Photo Caroline <\/b><b>Ghyselen<\/b><b>)<\/b><\/p>\n<p><img loading=\"lazy\" decoding=\"async\" class=\"alignnone size-medium wp-image-69\" src=\"http:\/\/www.danielschell.net\/wp-content\/uploads\/2017\/05\/SerpentNeige-02-300x194.png\" alt=\"\" width=\"300\" height=\"194\" srcset=\"https:\/\/www.danielschell.net\/wp-content\/uploads\/2017\/05\/SerpentNeige-02-300x194.png 300w, https:\/\/www.danielschell.net\/wp-content\/uploads\/2017\/05\/SerpentNeige-02-768x496.png 768w, https:\/\/www.danielschell.net\/wp-content\/uploads\/2017\/05\/SerpentNeige-02-309x200.png 309w, https:\/\/www.danielschell.net\/wp-content\/uploads\/2017\/05\/SerpentNeige-02.png 800w\" sizes=\"(max-width: 300px) 100vw, 300px\" \/><\/p>\n<p><b>Figure <\/b><b>4<\/b> <b>Christian tra\u00e7ant &#8216;Serpen<\/b><b>t de neige sifflant au soleil (2<\/b><b>) 1976. (Photo Caroline <\/b><b>Ghyselen<\/b><b>)<\/b><\/p>\n<p><img loading=\"lazy\" decoding=\"async\" class=\"alignnone size-medium wp-image-70\" src=\"http:\/\/www.danielschell.net\/wp-content\/uploads\/2017\/05\/SerpentNeige-03-300x206.png\" alt=\"\" width=\"300\" height=\"206\" srcset=\"https:\/\/www.danielschell.net\/wp-content\/uploads\/2017\/05\/SerpentNeige-03-300x206.png 300w, https:\/\/www.danielschell.net\/wp-content\/uploads\/2017\/05\/SerpentNeige-03-768x526.png 768w, https:\/\/www.danielschell.net\/wp-content\/uploads\/2017\/05\/SerpentNeige-03-292x200.png 292w, https:\/\/www.danielschell.net\/wp-content\/uploads\/2017\/05\/SerpentNeige-03.png 800w\" sizes=\"(max-width: 300px) 100vw, 300px\" \/><\/p>\n<p><b>Figure <\/b><b>5<\/b> <b>Christian tra\u00e7ant &#8216;Serpen<\/b><b>t de neige sifflant au soleil (3<\/b><b>) 1976. (Photo Caroline <\/b><b>Ghyselen<\/b><b>)<\/b><\/p>\n<p>***<\/p>\n<p>Notes de Daniel Schell&#8217;<\/p>\n","protected":false},"excerpt":{"rendered":"<p>\u00a0 \u00a0L&#8217;amour \u00a0 \u00a0 \u00a0 \u00a0 Neige \u00a0 \u00a0 \u00a0 \u00a0 de \u00a0 \u00a0 \u00a0 \u00a0 \u00a0 \u00a0 soleil Neige de soleil Pr\u00e9sentation Courte Creation du nouvel op\u00e9ra de Daniel Schell: &#8216;Neige de Soleil&#8217; Le voyage de Christian Dotremont en Laponie sur po\u00e9sie et logogrammes de Christian Dotremont Neige de &hellip;<\/p>\n","protected":false},"author":1,"featured_media":0,"parent":190,"menu_order":2,"comment_status":"closed","ping_status":"closed","template":"","meta":{"footnotes":""},"class_list":["post-197","page","type-page","status-publish","hentry"],"_links":{"self":[{"href":"https:\/\/www.danielschell.net\/index.php\/wp-json\/wp\/v2\/pages\/197"}],"collection":[{"href":"https:\/\/www.danielschell.net\/index.php\/wp-json\/wp\/v2\/pages"}],"about":[{"href":"https:\/\/www.danielschell.net\/index.php\/wp-json\/wp\/v2\/types\/page"}],"author":[{"embeddable":true,"href":"https:\/\/www.danielschell.net\/index.php\/wp-json\/wp\/v2\/users\/1"}],"replies":[{"embeddable":true,"href":"https:\/\/www.danielschell.net\/index.php\/wp-json\/wp\/v2\/comments?post=197"}],"version-history":[{"count":5,"href":"https:\/\/www.danielschell.net\/index.php\/wp-json\/wp\/v2\/pages\/197\/revisions"}],"predecessor-version":[{"id":655,"href":"https:\/\/www.danielschell.net\/index.php\/wp-json\/wp\/v2\/pages\/197\/revisions\/655"}],"up":[{"embeddable":true,"href":"https:\/\/www.danielschell.net\/index.php\/wp-json\/wp\/v2\/pages\/190"}],"wp:attachment":[{"href":"https:\/\/www.danielschell.net\/index.php\/wp-json\/wp\/v2\/media?parent=197"}],"curies":[{"name":"wp","href":"https:\/\/api.w.org\/{rel}","templated":true}]}}