{"id":210,"date":"2017-05-01T18:25:26","date_gmt":"2017-05-01T16:25:26","guid":{"rendered":"http:\/\/clicmusikr.cluster017.ovh.net\/?page_id=210"},"modified":"2017-05-01T18:25:26","modified_gmt":"2017-05-01T16:25:26","slug":"u-fudukazi-uzokumangaza","status":"publish","type":"page","link":"https:\/\/www.danielschell.net\/index.php\/opera-music-theater\/ishango\/u-fudukazi-uzokumangaza\/","title":{"rendered":"U Fudukazi Uzokumangaza"},"content":{"rendered":"<div id=\"all\">\n<div id=\"back\">\n<div id=\"contentarea\">\n<div id=\"wrapper2\" class=\"shownocolumns\">\n<div id=\"main\">\n<div class=\"item-page\">\n<div>\n<div>\n<p>by Gcina Mhlophe (South-Africa)<\/p>\n<p>Short text in Zulu<br \/>\nU fudukazi<br \/>\nU zoku mangaza<br \/>\nU hamba kankane<br \/>\nUlezi ekabanga<br \/>\nUhlula amagili<br \/>\nNoma baningi<br \/>\nBanga mudelela<\/p>\n<p>Tale in English<br \/>\nIt is said that a long long time ago, when the world was still young and life was not like it is today, animals wee not such good hunters. Lion was already king of the animals. In those days every single animal respected him. He was mighty and strong, and did not have to talk too loudly, for his word was law and that was that.<br \/>\nBut the animals had a problem. They did not have a place of their own where they could grow food, and they were not yet such good hunters. So they had to go to the gardens of human beings to steal whatever vegetables they liked. This was often very dangerous, because if they were caught, they ended up in someone&#8217;s stewpot! In fact, this happened far too often, until one day King Lion could stand it no longer. So he called a big meeting of all his subjects. He told them it was time they all moved to another place where there were no human beings, where they could plant their own food and live a more respectable\u00a0 life.<br \/>\n&#8220;Elethu! Elethu! We all agree!&#8221; was the response from every animal.<br \/>\nCheetah was sent to go and steal some tools from the humans, which he did with pleasure. Well-known trickstart Nogwaja the Hare was only too happy to go and steal some seeds for his king. All the animals to set off early the next morning. They were looking forward to finding a new place where they could grow their food. A place they could happily call home. The fast ones led the way. In the middle were the King and other big animals like Buffalo, Elephant, Rhinoceros and Giraffe. At the back were the slow-moving animals like Chameleon and Tortoise. The sun was hot and the journey was long. &#8220;Are we there yet&#8221; asked the slow animals several times. But at last Cheetah shouted at the top of his voice, &#8220;O King, we have found a place. It looks very fertile and there is a lake where we can drink water!&#8221;<br \/>\n&#8220;But are there any human beings in sight?&#8221; was the question from King Lion.<br \/>\n&#8220;No, not one&#8221; replied Cheetah.<br \/>\nSo at last the animals had found a home. They worked very hard in the following days and weeks, tilling the land and planting the seeds. And soon enough the rains came. In time the large garden yielded delicious carrots, pumpkins, cabbages, sweet potatoes and lot more. It looked glorious, it showed that a lot of work and love had been into producing such a marvellous garden. King Lion and his subjects were proud of themselves. The animals had a great time eating their food, drinking at the lake, getting to really know one another, and enjoying glorious sunsets, without any humans to chase or kill them.<br \/>\nThe one day, Zebra woke up early with his best friend Ostrich. They were extremely hungry so they set off for the garden. But when they got there, they found that all the food had gone; not a blade of grass, not a leaf of cabbage was left!<br \/>\nEven the lake was almost empty. Someone or something had come in the middle of the night and cleaned up everything. They were even doubting that they had come to the right place. Suddenly a shadow seemed to fall accross the sun, and the sky went dark. When Zebra and Ostrich looked up, they saw a huge mountain of an animal. It was like ten elephants put together. Its skin was moist, grayish brown and smelly. It eyes were huge and green and slimy. Its nostrils were like two big caves with hot air coming out of them. Its mouth was the biggest cave of all, full of sharp grey teeth. Poor terrified Zebra tried to be brave, and so he asked this monter who he was and what he wanted.<br \/>\n&#8220;I am GONGQONGQO!!!&#8221; bellowed the monster, &#8220;THE ONE WHO SWALLOWS BUFFALOS ALIVE, HORNS AND ALL. WHO ARE YOU LITTLE ZEBRA, TO ASK ME SUCH STUPID QUESTIONS?&#8221;<br \/>\nZebra and Ostrich almost paralysed with fear, rushed off to tell everyone what they had seen and heard. The other animals were just as frightened. But Lion, their King, said he would deal with Gongqongqo. He said no one should be fearful.<br \/>\nLion&#8217;s muscles were shining, his tail was up in the air and his golden mane looked proud as the morning sun danced on it.<br \/>\nBut when he arrived in the\u00a0 garden and saw how very large this monster was, he knew he did not stand a chance of winning a fight. He decided to roar as loudly as he could to scare the monster off; &#8220;Who do you think you are, coming into my kingdom and stealing the foold my subjects have worked so hard for? Get away from here and never come back!&#8221;<br \/>\nGongqongqo openend his monstrous mouth and answered,<br \/>\n&#8220;I AM GONGQONGQO! HE WHO SWALLOWS BUFFALOS ALIVE, HORNS AND ALL. AS FOR YOU, LITTLE CAT, I WILL HAVE YOU FOR A SNACK!&#8221;<br \/>\nKing Lion&#8217;s tail disappeared between his legs, and he ran as fast as he could back to his subjects to tell them it was time to move on to a new place, for this monster was far worse even than human beings.<br \/>\n&#8220;Elethu! We all agree!&#8221; was the response. Buffalo shouting loudest of them all. But the tortoise had other ideas. She declared that she was going to deal with the monster her own way. The other animals just laughed at her, saying that she was far too small and crazy to think she could face up to such a creature. Lion roared impatiently : &#8220;I say, everyone shut up, and let&#8217;s listen to what Tortoise has to say!&#8221;<br \/>\n&#8220;If I could get a very sharp axe, but small enough to hide under my shell, I promise you I will get rid of that Gongqongquo before the end of today.!&#8221; said the old tortoise full of confidence. Then the Lion prepared a sharp axe for her and gave it to her to hide under her shell. &#8220;Good luck to you my sister.&#8221; said he.<br \/>\nTortoise set off walking slowly like all tortoises do, to deal with Gongqongqo.<br \/>\nFinaly, she stood in front of the huge monster. She looked so very tiny. But she bravely shouted at the top of her voice;<br \/>\n&#8220;Heyi wena, who do you think you are? Do you think we are scared of you? No, we are not. Also I must tell you, you are ugly, and further more, you smell! So get away from here, Hamba!&#8221;<br \/>\nThe monster could not believe what he was hearing.<br \/>\nI AM GONGQONGQO I TELL YOU, AND I DON&#8217;T PLAN TO GO ANYWHERE INSTEAD, I WILL TAKE YOU, TINY TOROISE,\u00a0 TOSS UNDER MY TONGUE, AND FORGET ALL ABOUT\u00a0 YOU.&#8221;<br \/>\n&#8220;So go on and do that, what is stopping you!? demanded the brave Tortoise. And sure enough, his long, slimy, mustardy, coloured tongue came out and &#8220;Lwabi!&#8221; Tortoise disappeared inside that cave of a mouth!<br \/>\nThen, quick as a flash, Tortoise took out the sharp axe from under her shell and started to chop at the monster&#8217;s tongue.<br \/>\nChop, Chop, Chop! The Monster thougt he was getting a headache and groaned loudly. What in the world was going on? What was that dumb little Tortoise up to, he wondered, shaking his head violently. But Tortoise did not stop. She continued to chop away at the tong until it fell off, and then she chopped her way accross the neck. Gongqongqo made loud, thunderous noises, scaring the whole countryside and forest for miles and miles around. Finally, it happened. Gongqongqo fell down dead.<\/p>\n<p>The smiling Tortoise climbed out of the gate she had opened on the side of his neck and, holding high the little axe, she called out;<br \/>\n&#8220;It is I, It is I, little Tortoise. I killed Gongqongqo!&#8221;<br \/>\nAll other animals came out of their hiding places and cheered for the brave Tortoise. &#8220;Halala! Usebenzile Fudukazi, well done wise old Tortoise!! You deserve all our respect!&#8221; they said again and again. Buffalo bent down and picked up the wise Tortoise and carried her high on his powerful horns as the cheering went on. Then the King of the beasts stepped in front of the happy group. Looking very serious but please, he said :<br \/>\n&#8220;Thank you Fudukazi, you did us all very proud today. As from today I declare you the bravest most respectable animal in my kingdom!&#8230; eehhh, after me of course!&#8221;<\/p>\n<p>Cosi cosi iyaphela. Here I rest my story.<br \/>\nwritten by Gcina Mhlophe ( South Africa),<br \/>\nTranslation in English by Gcina Mhlophe of her own original text in zulu.<br \/>\nAll rights reserved to Gcina Mhlophe. reproduced with authorisation of the author.<br \/>\nMusic for choir written by Daniel\u00a0 Schell.<br \/>\n&#8216;U Fudukazi, the tortoise&#8217; was created in 2001 by &#8220;Le Choeur de Namur&#8221; directed by D. Meunier<\/p>\n<p>Conte en fran\u00e7ais (traduction par Daniel Schell)<br \/>\nOn dit qu&#8217;il y a tr\u00e8s longtemps, lorsque le monde \u00e9tait encore jeune et que la vie n&#8217;\u00e9tait pas comme maintenant, les animaux n&#8217;\u00e9taient pas de si bons chasseurs. Le lion \u00e9tait d\u00e9j\u00e0 le roi des animaux. En ces jours, tous le respectaient. Il \u00e9tait puissant et ne devait pas parler fort car sa parole \u00e9tait la loi et c&#8217;\u00e9tait ainsi.<br \/>\nMais les animaux avaient un probl\u00e8me. Ils n&#8217;avaient pas leur endroit bien \u00e0 eux o\u00f9 cultiver de quoi manger et, comme on l&#8217;a dit, leurs aptitudes \u00e0 la chasse restaient bien faibles. C&#8217;est ainsi qu&#8217;ils \u00e9taient contraints de visiter les jardins des humains afin de chaparder les l\u00e9gumes qu&#8217;ils d\u00e9siraient. Cela pouvait \u00eatre dangereux, car s&#8217;ils \u00e9taient attrap\u00e9s, ils pouvaient terminer dans le pot-au-feu. En fait cela arrivait si souvent que le Roi Lion ne put plus le supporter. Il leur annon\u00e7a qu&#8217;il \u00e9tait temps qu&#8217;ils d\u00e9m\u00e9nagent vers un lieu sans humains, o\u00f9 ils pourraient cultiver et conduire une existence respectable.<br \/>\n&#8220;Elethu! Elethu! Nous sommes tous d&#8217;accord!&#8221; fut la r\u00e9ponse des animaux.<br \/>\nOn envoya Cheetah pour voler de la nourriture aux humains, ce qu&#8217;il fit avec plaisir. Quant au bien connu Nogwaja le Li\u00e8vre, il fut trop heureux d&#8217;aller voler quelques graines pour le Roi.<br \/>\nLe d\u00e9part fut fix\u00e9 au lendemain matin. Les animaux rapides montraient la voie.\u00a0 Au milieu, on trouvait le Roi et d&#8217;autres grands animaux comme le Buffle, l&#8217;El\u00e9phant, le Rhinoceros et la Girafe. A l&#8217;arri\u00e8re se trouvaient les animaux lents comme le Cam\u00e9l\u00e9on et la Tortue. Le soleil tapait et la journ\u00e9e \u00e9tait longue. &#8216; Est-ce que nous y sommes?&#8217; Demand\u00e8rent ces derniers. Enfin\u00a0 Cheetah cria, de sa voix haut perch\u00e9e: &#8220;O Roi, nous avons trouv\u00e9 l&#8217;endroit. Cela a l&#8217;air fertile et il y a un lac dont on peut boire l&#8217;eau! &#8216;<br \/>\n&#8220;Mais il y a-t-il des \u00eatres humains en vue? questionna le Roi Lion.<br \/>\n&#8220;Pas un seul&#8221; r\u00e9torqua Cheetah.<br \/>\nAinsi les animaux avaient trouv\u00e9 une maison! Ils travaill\u00e8rent dur dans les jours et semaines qui suivirent, labourant le sol et semant. La pluie vint bien vite, et voil\u00e0 que les jardins fournissaient carottes, citrouilles, choux, patates douces et bien d&#8217;autres. Le Roi Lion et ses sujets \u00e9taient fiers d&#8217;eux-m\u00eames. Ils pass\u00e8rent des instants d\u00e9licieux \u00e0 savourer la nourriture, se d\u00e9salt\u00e9rer au lac, enfin admirer les splendides couchers de soleil, et cela sans un seul humain pour les chasser ou les tuer.<br \/>\nUn jour le Z\u00e8bre et son amie l&#8217;Autruche s&#8217;en all\u00e8rent au potager. Mais en arrivant l\u00e0, ils s&#8217;aper\u00e7urent que tout \u00e9tait d\u00e9vast\u00e9. Plus un brin d&#8217;herbe ni une feuille de chou.<br \/>\nM\u00eame le lac \u00e9tait vide! Quelqu&#8217;un \u00e9tait venu au milieu de la nuit et avait tout nettoy\u00e9. Ils en \u00e9taient m\u00eame \u00e0 se demander s&#8217;ils ne s&#8217;\u00e9taient pas tromp\u00e9s d&#8217;endroit&#8230; Quand soudain une ombre descendit, plongeant tout dans l&#8217;obscurit\u00e9. Lorsque Z\u00e8bre et Autruche lev\u00e8rent la t\u00eate, ils virent un animal grand comme dix \u00e9l\u00e9phants empil\u00e9s, brun\u00e2tres et puants,\u00a0 yeux verts et gluants avec une gueule b\u00e9ante plant\u00e9e de dents grises et ac\u00e9r\u00e9es.<br \/>\nZ\u00e8bre, qui tentait de\u00a0 cacher sa terreur, demanda bravement qui il \u00e9tait et ce qu&#8217;il voulait.<br \/>\n&#8220;Je suis GONGQONGQO!!!&#8221; aboya le monstre, &#8220;Celui qui avale les buffles vivants, cornes comprises. Qui es-tu petit z\u00e8bre pour me poser une question aussi stupide?&#8221;<br \/>\nHorrifi\u00e9s, Z\u00e8bre et Autruche se h\u00e2t\u00e8rent d&#8217;aller porter la nouvelle aux autres. Effroi g\u00e9n\u00e9ral. Seul le Roi Lion\u00a0 annon\u00e7a calmement qu&#8217;il allait palabrer avec le Gongqongqo.<br \/>\nGonflant les muscles et sa belle crini\u00e8re, il se dirigea donc vers le potager. Mais quand il vit le monstre il comprit qu&#8217;il n&#8217;avait pas une chance de gagner. Il d\u00e9cida de rugir autant qu&#8217;il le pouvait : &#8220;Qui crois-tu \u00eatre pour venir dans mon royaume, voler le bien de mes sujets? Vas-t&#8217;en et ne reviens jamais!&#8221;<br \/>\nGongqongqo ouvrit sa bouche affreuse:,<br \/>\n&#8220;Je suis CONGQONGQO! Celui qui avale les buffles vivants, avec leurs cornes. Et toi petit chat, tu seras ma friandise!&#8221;<br \/>\nLe Roi Lion ne put que s&#8217;encourir, la queue entre les jambes, annoncer \u00e0 ses sujets qu&#8217;il allait falloir trouver un autre endroit o\u00f9 s&#8217;installer.<br \/>\n&#8220;Elethu! Nous sommes tous d&#8217;accord!&#8221; fut la r\u00e9ponse, avec, bien entendu, le Buffle en premier rang.\u00a0 Mais la Tortue avait une autre id\u00e9e. Elle d\u00e9clara qu&#8217;elle allait parler au monstre. Rigolade g\u00e9n\u00e9rale. &#8216;Taisez-vous et \u00e9coutez\u00a0 Tortue&#8221; rugit le Lion.<br \/>\n&#8220;Si je pouvais trouver une hache tr\u00e8s aiguis\u00e9e, mais si petite que je puisse la cacher sous ma carapace, je vous promets de vous d\u00e9barrasser de ce Gongqongquo avant la fin du jour!&#8221; dit la vieille Tortue. Lion lui pr\u00e9para la hache.<br \/>\nTortue s&#8217;en alla donc lentement (comme toutes les tortues) vers Gongqongqo.<br \/>\nEnfin la voil\u00e0 au pied du monstre immense. Elle crie bravement:<br \/>\n&#8220;Heyi wena, tu te prends pour qui, toi? Tu t&#8217;imagines que tu nous fait peur? Non, mais des fois&#8230; Et puis tu t&#8217;es d\u00e9j\u00e0 vu? Tu es moche et tu pues. Allez, d\u00e9campe. Hamba!&#8221;<br \/>\nLe monstre ne pouvait en croire ses oreilles.<br \/>\n&#8221; Je suis CONGQONGQO je te dis, et je n&#8217;ai pas la moindre intention de bouger. En revanche, je m&#8217;en vais te d\u00e9guster du dessous de la langue et oublier tout de toi!&#8221;.<br \/>\n&#8220;Alors vas-y&#8221; lui enjoignit la brave Tortue. Et voil\u00e0 que sort la longue langue du monstre, comme couverte de moutarde baveuse et &#8220;Lwabi!&#8221; Tortue dispara\u00eet dans la bouche grotte!<br \/>\nRapide comme l&#8217;\u00e9clair, Tortue sort la hache et se met \u00e0 tailler furieusement la langue du monstre. Chop, Chop, Chop!<br \/>\nLe monstre grogne, se croit atteint de migraine. Qu&#8217;est ce que cette punaise de Tortue est en train de fabriquer? Il secoue la t\u00eate. Tortue continue. Bient\u00f4t la langue est coup\u00e9e et Tortue l&#8217;engage en travers de la gorge. Le monstre hal\u00e8te f\u00e9rocement, jetant la terreur \u00e0 toute la campagne. Finalement, il tombe mort.<\/p>\n<p>Tortue, souriante, sort du trou qu&#8217;elle a ouvert par le c\u00f4t\u00e9 du cou. Elle brandit la hachette : &#8221; Ca y est, j&#8217;ai tu\u00e9 Congqongqo!&#8221;<br \/>\nTous les animaux viennent f\u00e9liciter Tortue: &#8220;Halala! Usebenzile Fudukazi, bravo sage Tortue !! Tu m\u00e9rites notre respect &#8221; Buffle porte Tortue sur son dos. Lion pr\u00e9c\u00e8de le cort\u00e8ge. S\u00e9rieux, mais le sourire en coin, il d\u00e9clare :<br \/>\n&#8221; Merci Fudukazi, nous sommes fiers de toi. A partir d&#8217;aujourd&#8217;hui je te d\u00e9clare animal le plus respectable de mon royaume! &#8230; eeuuhhh, apr\u00e8s moi, bien entendu!&#8221;<br \/>\nCosi cosi iyaphela. Ici j&#8217;arr\u00eate mon histoire.<\/p>\n<p>(Tous droits r\u00e9serv\u00e9s Gcina Mlophe\/ Daniel Schell)<\/p>\n<\/div>\n<\/div>\n<\/div>\n<\/div>\n<\/div>\n<div class=\"wrap\"><\/div>\n<\/div>\n<\/div>\n<\/div>\n<div id=\"footer-outer\"><\/div>\n","protected":false},"excerpt":{"rendered":"<p>by Gcina Mhlophe (South-Africa) Short text in Zulu U fudukazi U zoku mangaza U hamba kankane Ulezi ekabanga Uhlula amagili Noma baningi Banga mudelela Tale in English It is said that a long long time ago, when the world was still young and life was not like it is today, &hellip;<\/p>\n","protected":false},"author":1,"featured_media":0,"parent":97,"menu_order":1,"comment_status":"closed","ping_status":"closed","template":"","meta":{"footnotes":""},"class_list":["post-210","page","type-page","status-publish","hentry"],"_links":{"self":[{"href":"https:\/\/www.danielschell.net\/index.php\/wp-json\/wp\/v2\/pages\/210"}],"collection":[{"href":"https:\/\/www.danielschell.net\/index.php\/wp-json\/wp\/v2\/pages"}],"about":[{"href":"https:\/\/www.danielschell.net\/index.php\/wp-json\/wp\/v2\/types\/page"}],"author":[{"embeddable":true,"href":"https:\/\/www.danielschell.net\/index.php\/wp-json\/wp\/v2\/users\/1"}],"replies":[{"embeddable":true,"href":"https:\/\/www.danielschell.net\/index.php\/wp-json\/wp\/v2\/comments?post=210"}],"version-history":[{"count":1,"href":"https:\/\/www.danielschell.net\/index.php\/wp-json\/wp\/v2\/pages\/210\/revisions"}],"predecessor-version":[{"id":211,"href":"https:\/\/www.danielschell.net\/index.php\/wp-json\/wp\/v2\/pages\/210\/revisions\/211"}],"up":[{"embeddable":true,"href":"https:\/\/www.danielschell.net\/index.php\/wp-json\/wp\/v2\/pages\/97"}],"wp:attachment":[{"href":"https:\/\/www.danielschell.net\/index.php\/wp-json\/wp\/v2\/media?parent=210"}],"curies":[{"name":"wp","href":"https:\/\/api.w.org\/{rel}","templated":true}]}}