{"id":214,"date":"2017-05-01T18:26:44","date_gmt":"2017-05-01T16:26:44","guid":{"rendered":"http:\/\/clicmusikr.cluster017.ovh.net\/?page_id=214"},"modified":"2017-05-01T18:26:44","modified_gmt":"2017-05-01T16:26:44","slug":"mhakure-the-cobra","status":"publish","type":"page","link":"https:\/\/www.danielschell.net\/index.php\/opera-music-theater\/ishango\/mhakure-the-cobra\/","title":{"rendered":"Mhakure, the cobra"},"content":{"rendered":"<p>Original text in Shona by Chirikure Chirikure (Zimbabwe), roughly translated by himself. (All rights reserved)<br \/>\nMusic for choir by Daniel Schell created in 2001 by\u00a0 Le Choeur de Namur directed by D. Meunier.<\/p>\n<p>Mhakure<br \/>\nSverere, sverere<br \/>\nKufamba inogonti<br \/>\nHaina mutsindio<br \/>\nKaana chipeperke<br \/>\nWangozo chechuka<br \/>\nHaioni nemazi<br \/>\nYati pauri vuh<\/p>\n<p>The cobra<br \/>\nSoftly by your side<br \/>\nAnd suddenly<br \/>\nIt appears, by your side<br \/>\nWho is mightier, in this case<br \/>\nThe one with heavy foot steps<br \/>\nOr the one who slithers softly<\/p>\n<p>Traduction approximative par Daniel Schell<br \/>\nLe Cobra<br \/>\nDoucement \u00e0 vos c\u00f4t\u00e9s<br \/>\nEt soudain<br \/>\nIl appara\u00eet&#8230; \u00e0 vos c\u00f4t\u00e9s<br \/>\nQui est plus puissant alors?<br \/>\nCelui qui marche \u00e0 pas lourds<br \/>\nOu celui qui glisse sans bruit?<\/p>\n","protected":false},"excerpt":{"rendered":"<p>Original text in Shona by Chirikure Chirikure (Zimbabwe), roughly translated by himself. (All rights reserved) Music for choir by Daniel Schell created in 2001 by\u00a0 Le Choeur de Namur directed by D. Meunier. Mhakure Sverere, sverere Kufamba inogonti Haina mutsindio Kaana chipeperke Wangozo chechuka Haioni nemazi Yati pauri vuh The &hellip;<\/p>\n","protected":false},"author":1,"featured_media":0,"parent":97,"menu_order":3,"comment_status":"closed","ping_status":"closed","template":"","meta":{"footnotes":""},"class_list":["post-214","page","type-page","status-publish","hentry"],"_links":{"self":[{"href":"https:\/\/www.danielschell.net\/index.php\/wp-json\/wp\/v2\/pages\/214"}],"collection":[{"href":"https:\/\/www.danielschell.net\/index.php\/wp-json\/wp\/v2\/pages"}],"about":[{"href":"https:\/\/www.danielschell.net\/index.php\/wp-json\/wp\/v2\/types\/page"}],"author":[{"embeddable":true,"href":"https:\/\/www.danielschell.net\/index.php\/wp-json\/wp\/v2\/users\/1"}],"replies":[{"embeddable":true,"href":"https:\/\/www.danielschell.net\/index.php\/wp-json\/wp\/v2\/comments?post=214"}],"version-history":[{"count":1,"href":"https:\/\/www.danielschell.net\/index.php\/wp-json\/wp\/v2\/pages\/214\/revisions"}],"predecessor-version":[{"id":215,"href":"https:\/\/www.danielschell.net\/index.php\/wp-json\/wp\/v2\/pages\/214\/revisions\/215"}],"up":[{"embeddable":true,"href":"https:\/\/www.danielschell.net\/index.php\/wp-json\/wp\/v2\/pages\/97"}],"wp:attachment":[{"href":"https:\/\/www.danielschell.net\/index.php\/wp-json\/wp\/v2\/media?parent=214"}],"curies":[{"name":"wp","href":"https:\/\/api.w.org\/{rel}","templated":true}]}}