{"id":222,"date":"2017-05-01T18:29:47","date_gmt":"2017-05-01T16:29:47","guid":{"rendered":"http:\/\/clicmusikr.cluster017.ovh.net\/?page_id=222"},"modified":"2017-05-01T18:29:47","modified_gmt":"2017-05-01T16:29:47","slug":"il-est-des-enfants","status":"publish","type":"page","link":"https:\/\/www.danielschell.net\/index.php\/opera-music-theater\/ishango\/il-est-des-enfants\/","title":{"rendered":"Il est des enfants"},"content":{"rendered":"<div id=\"all\">\n<div id=\"back\">\n<div id=\"contentarea\">\n<div id=\"wrapper2\" class=\"shownocolumns\">\n<div id=\"main\">\n<div class=\"item-page\">\n<div>\n<div>\n<p>Rien que des enfants<br \/>\nSans terres<br \/>\nAffreux scorpions, Non!<br \/>\nExclus, ils suivent les chemins de fer<br \/>\nD&#8217;un monde sans \u00e2me<br \/>\nSans rythme ni danse<br \/>\nEtriqu\u00e9s comme les arbres du d\u00e9sert<br \/>\nInnocents<br \/>\nIls ignorent la f\u00eate<br \/>\nNegro perdu, negro perdu<br \/>\nTa part, sur le sentier<br \/>\nSans force pour pleurer<br \/>\nNegro perdu, negro perdu<br \/>\nNiam, niam<br \/>\nEt c&#8217;est parti,<br \/>\nEn cha\u00eenes et baillons<br \/>\nTu meurs dans la vie<br \/>\nLe ventre en l&#8217;air<\/p>\n<p>Musique : Daniel Schell<br \/>\nTexte: Titinga Frederic Pacere-Daniel Schell<br \/>\nOeuvre pour choeur cr\u00e9\u00e9e en 2001 par le Choeur de Namur dirig\u00e9 par D. Meunier.<\/p>\n<p>Note de Daniel Schell :<br \/>\nLe texte est tir\u00e9 en partie du po\u00e8me &#8216;Il est des enfants&#8217; que Pacere\u00a0 a \u00e9crit sur demande de l&#8217;Unesco et qui est diffus\u00e9 mondialement sur une affiche, en surimpression d&#8217;une photo montrant des enfants africains souffrant de la faim.<br \/>\nPar ailleurs, j&#8217;ai remplac\u00e9 certains mots de &#8216;Il est des enfants&#8217; par des vers de son po\u00eame\u00a0 &#8216;Ceux qui n&#8217;ont pas peur&#8217; ( du recueil\u00a0 &#8216;Ca tire sous le sahel&#8217;). Ce dernier, chante de mani\u00e8re crue et imag\u00e9e &#8216;affreux scorpions&#8217;, ventre en l&#8217;air&#8217; &#8211;\u00a0 le courage du preux face \u00e0 la mort. Le souffle po\u00e9tique qui se d\u00e9gage du m\u00e9lange m&#8217;a inspir\u00e9 dans l&#8217;\u00e9laboration de la pi\u00e8ce.<\/p>\n<\/div>\n<\/div>\n<\/div>\n<\/div>\n<\/div>\n<div class=\"wrap\"><\/div>\n<\/div>\n<\/div>\n<\/div>\n<div id=\"footer-outer\"><\/div>\n","protected":false},"excerpt":{"rendered":"<p>Rien que des enfants Sans terres Affreux scorpions, Non! Exclus, ils suivent les chemins de fer D&#8217;un monde sans \u00e2me Sans rythme ni danse Etriqu\u00e9s comme les arbres du d\u00e9sert Innocents Ils ignorent la f\u00eate Negro perdu, negro perdu Ta part, sur le sentier Sans force pour pleurer Negro perdu, &hellip;<\/p>\n","protected":false},"author":1,"featured_media":0,"parent":97,"menu_order":7,"comment_status":"closed","ping_status":"closed","template":"","meta":{"footnotes":""},"class_list":["post-222","page","type-page","status-publish","hentry"],"_links":{"self":[{"href":"https:\/\/www.danielschell.net\/index.php\/wp-json\/wp\/v2\/pages\/222"}],"collection":[{"href":"https:\/\/www.danielschell.net\/index.php\/wp-json\/wp\/v2\/pages"}],"about":[{"href":"https:\/\/www.danielschell.net\/index.php\/wp-json\/wp\/v2\/types\/page"}],"author":[{"embeddable":true,"href":"https:\/\/www.danielschell.net\/index.php\/wp-json\/wp\/v2\/users\/1"}],"replies":[{"embeddable":true,"href":"https:\/\/www.danielschell.net\/index.php\/wp-json\/wp\/v2\/comments?post=222"}],"version-history":[{"count":1,"href":"https:\/\/www.danielschell.net\/index.php\/wp-json\/wp\/v2\/pages\/222\/revisions"}],"predecessor-version":[{"id":223,"href":"https:\/\/www.danielschell.net\/index.php\/wp-json\/wp\/v2\/pages\/222\/revisions\/223"}],"up":[{"embeddable":true,"href":"https:\/\/www.danielschell.net\/index.php\/wp-json\/wp\/v2\/pages\/97"}],"wp:attachment":[{"href":"https:\/\/www.danielschell.net\/index.php\/wp-json\/wp\/v2\/media?parent=222"}],"curies":[{"name":"wp","href":"https:\/\/api.w.org\/{rel}","templated":true}]}}