{"id":226,"date":"2017-05-01T18:31:08","date_gmt":"2017-05-01T16:31:08","guid":{"rendered":"http:\/\/clicmusikr.cluster017.ovh.net\/?page_id=226"},"modified":"2023-08-27T17:00:56","modified_gmt":"2023-08-27T15:00:56","slug":"shuopoka-la-chenille","status":"publish","type":"page","link":"https:\/\/www.danielschell.net\/index.php\/opera-music-theater\/ishango\/shuopoka-la-chenille\/","title":{"rendered":"Shuopoka La Chenille"},"content":{"rendered":"<div id=\"all\">\n<div id=\"back\">\n<div id=\"contentarea\">\n<div id=\"wrapper2\" class=\"shownocolumns\">\n<div id=\"main\">\n<div class=\"item-page\">\n<div>\n<p>(extrait)<\/p>\n<p>A video of the performance of &#8216;Shuopoka&#8217; \u00a0 https:\/\/youtu.be\/c1keZ6gPdhM?si=6q_kNDiCh9Kgyxkz<\/p>\n<div>\n<table border=\"0\" width=\"100%\">\n<tbody>\n<tr>\n<td>Shuopoka<\/td>\n<td>La Chenille<\/td>\n<\/tr>\n<tr>\n<td><\/td>\n<td><\/td>\n<\/tr>\n<tr>\n<td>Korar matete tar kono katteneyiar<\/td>\n<td>Une campagne aride, d\u00e9serte.Ici pas de nourriture pour elle.<\/td>\n<\/tr>\n<tr>\n<td>Edike cejader katto, prantore prantore, cei, koto ku dedanob, sujo gire peka\u00ef, ta ra kin tu h\u00e2(n) koreida ece, tadernish, sashenish, shashe batash, bishogondi.<\/td>\n<td>Ceux dont elle est la proie, tous ces d\u00e9mons minuscules qui errant dans les champs, restent gueule b\u00e9ante, attendant l&#8217;instant propice, empoisonnant l&#8217;air de leur haleine.<\/td>\n<\/tr>\n<tr>\n<td>Tai shuopoka, moi tasham nepai boule, urthe (grimper) shurukolo (commencer)<\/td>\n<td>Alors, d\u00e8s qu&#8217;elle rencontre une \u00e9chelle, la chenille se mit \u00e0 grimper.<\/td>\n<\/tr>\n<tr>\n<td>Protom (premi\u00e8re)\u00a0 dhape (marche) poshote (arriver) echino (encore) onek (beaucoup) deri (loin)<\/td>\n<td>Elle est encore loin du premier barreau<\/td>\n<\/tr>\n<tr>\n<td>Aj t\u00e2r, ero\u00e2, ero\u00e2 etai, gagbarti (tambour) baje (sonner) kun bashon\u00e2r, jonite shushuri, monehoi \u00e2rubac\u00e2r, por bobuji ashekotau, hoitapro jabuti shir\u00f4tecol lubule.<\/td>\n<td>Ainsi aujourd&#8217;hui, dans le foisonnement de ses soies, r\u00e9sonnent les tambours d&#8217;un d\u00e9sir fou qui titille sa vulve.<br \/>\nElle imagine la venue de nouvelles \u00e9tapes d&#8217;une toute autre vie. Qui sait! Peut-\u00eatre est-elle en train de se m\u00e9tamorphoser en papillon ?<\/td>\n<\/tr>\n<tr>\n<td>Grameriam (village) brakocom hakore (sans logis) havate (cr\u00e8ve-la-faim), godulia loe, jaloheici drish shotadekte.<\/td>\n<td>Nous sommes une poign\u00e9e de sans-logis, de cr\u00e8ve-la-faim, tous du m\u00eame village, qui, rassembl\u00e9s \u00e0 la lueur du cr\u00e9puscule, observent la sc\u00e8ne.<\/td>\n<\/tr>\n<tr>\n<td>Shesh dape p\u00f4nculi, djakun rat-trinambe, takun shishir snik totai, ogunti (innombrables) halo (lampes) shei shamian\u00e2r (vo\u00fbte du ciel), !shombe tarabeo<\/td>\n<td>Parvenue au dernier barreau de l&#8217;\u00e9chelle, \u00e0 peine la nuit tomb\u00e9e et tout \u00e9tonn\u00e9e de se sentir si seule sous l&#8217;immense et solennelle vo\u00fbte du ciel qu&#8217;illuminent des milliers de chandelles, ne va-t-elle pas perdre conscience, frissonnant d&#8217;une fra\u00eecheur nouvelle.<\/td>\n<\/tr>\n<\/tbody>\n<\/table>\n<p>Texte de Lokenath Bhattacharya (tous droits r\u00e9serv\u00e9s)<br \/>\nMusique de Daniel Schell.<br \/>\nOeuvre pour choeur cr\u00e9\u00e9e en 2001 par le Choeur de Namur dirig\u00e9 par D. Menier.<\/p>\n<\/div>\n<\/div>\n<\/div>\n<\/div>\n<\/div>\n<div class=\"wrap\"><\/div>\n<\/div>\n<\/div>\n<\/div>\n<div id=\"footer-outer\"><\/div>\n","protected":false},"excerpt":{"rendered":"<p>(extrait) A video of the performance of &#8216;Shuopoka&#8217; \u00a0 https:\/\/youtu.be\/c1keZ6gPdhM?si=6q_kNDiCh9Kgyxkz Shuopoka La Chenille Korar matete tar kono katteneyiar Une campagne aride, d\u00e9serte.Ici pas de nourriture pour elle. Edike cejader katto, prantore prantore, cei, koto ku dedanob, sujo gire peka\u00ef, ta ra kin tu h\u00e2(n) koreida ece, tadernish, sashenish, shashe batash, &hellip;<\/p>\n","protected":false},"author":1,"featured_media":0,"parent":97,"menu_order":9,"comment_status":"closed","ping_status":"closed","template":"","meta":{"footnotes":""},"class_list":["post-226","page","type-page","status-publish","hentry"],"_links":{"self":[{"href":"https:\/\/www.danielschell.net\/index.php\/wp-json\/wp\/v2\/pages\/226"}],"collection":[{"href":"https:\/\/www.danielschell.net\/index.php\/wp-json\/wp\/v2\/pages"}],"about":[{"href":"https:\/\/www.danielschell.net\/index.php\/wp-json\/wp\/v2\/types\/page"}],"author":[{"embeddable":true,"href":"https:\/\/www.danielschell.net\/index.php\/wp-json\/wp\/v2\/users\/1"}],"replies":[{"embeddable":true,"href":"https:\/\/www.danielschell.net\/index.php\/wp-json\/wp\/v2\/comments?post=226"}],"version-history":[{"count":2,"href":"https:\/\/www.danielschell.net\/index.php\/wp-json\/wp\/v2\/pages\/226\/revisions"}],"predecessor-version":[{"id":686,"href":"https:\/\/www.danielschell.net\/index.php\/wp-json\/wp\/v2\/pages\/226\/revisions\/686"}],"up":[{"embeddable":true,"href":"https:\/\/www.danielschell.net\/index.php\/wp-json\/wp\/v2\/pages\/97"}],"wp:attachment":[{"href":"https:\/\/www.danielschell.net\/index.php\/wp-json\/wp\/v2\/media?parent=226"}],"curies":[{"name":"wp","href":"https:\/\/api.w.org\/{rel}","templated":true}]}}