{"id":238,"date":"2017-05-01T18:38:21","date_gmt":"2017-05-01T16:38:21","guid":{"rendered":"http:\/\/clicmusikr.cluster017.ovh.net\/?page_id=238"},"modified":"2017-05-01T18:38:21","modified_gmt":"2017-05-01T16:38:21","slug":"press-opera-international-april-2000","status":"publish","type":"page","link":"https:\/\/www.danielschell.net\/index.php\/press-opera-international-april-2000\/","title":{"rendered":"Press Op\u00e9ra international April 2000"},"content":{"rendered":"<p>Op\u00e9ra International n\u00ba245 &#8211; avril 2000<\/p>\n<p class=\"titre1\">Hygi\u00e8ne de l&#8217;assassin<\/p>\n<p>L&#8217;Op\u00e9ra Royal de Wallonie dispose, \u00e0 c\u00f4t\u00e9 du th\u00e9\u00e2tre Royal, d&#8217;une seconde salle, le Petit Th\u00e9\u00e2tre o\u00f9 sont donn\u00e9s op\u00e9ras de chambre et ouvrages \u00e0 petits effectifs. C&#8217;est l\u00e0 que vient d&#8217;\u00eatre cr\u00e9\u00e9e Hygi\u00e8ne de l&#8217;assassin, musique et livret de Daniel Schell, une adaptation A la sc\u00e8ne du premier roman d&#8217;Am\u00e9lie Nothomb, r\u00e9alis\u00e9e en collaboration avec l&#8217;auteur.<\/p>\n<p>L&#8217;intrigue, efficacement construite en quatre sc\u00e8nes (l&#8217;obscurit\u00e9, le repas, le bain, L\u00e9opoldine), pr\u00e9serve les points forts du roman, et notamment la dimension all\u00e9gorique de la confession du vieil \u00e9crivain, malade et croupissant dans ses ordures, mais toujours en qu\u00eate de la beaut\u00e9 et de l&#8217;innocence de l&#8217;enfance. Reste que, r\u00e9duit \u00e0 la dimension d&#8217;un livret d&#8217;op\u00e9ra, le roman perd de sa complexit\u00e9 et de sa puissance.<\/p>\n<p><img decoding=\"async\" src=\"http:\/\/www.clicmusic.be\/img\/Opera\/hygiene-opera.jpg\" width=\"54%\" align=\"right\" border=\"0\" \/><\/p>\n<p>La musique de Daniel Schell puise \u00e0 des sources vari\u00e9es &#8211; de Bach aux sonorit\u00e9s et aux rythmes indiens -, tout en gardant son originalit\u00e9 et en dessinant des lignes m\u00e9lodiques ais\u00e9ment identifiables. L&#8217;\u00e9criture musicale pr\u00e9serve l&#8217;intelligibilit\u00e9 du texte, l&#8217;orchestration s&#8217;effa\u00e7ant parfois &#8211; sans aucune rupture de continuit\u00e9 &#8211; pour laisser place \u00e0 la voix parl\u00e9e. L&#8217;effectif est limit\u00e9 \u00e0 un sextuor (violon, violoncelle, contrebasse, clarinette, harmonium synth\u00e9tiseur et percussion) dont les lignes se combinent efficacement, sous la direction de Jean-Pierre Haeck, qui intervient avec finesse et pr\u00e9cision.<\/p>\n<p>Le jeune metteur en sc\u00e8ne Fr\u00e9d\u00e9ric Roels se r\u00e9v\u00e8le un efficace directeur d&#8217;acteurs et sait utiliser avec \u00e0 propos 1&#8217;espace sc\u00e9nique r\u00e9duit de ce petit th\u00e9\u00e2tre, inscrivant le drame dans un cercle empli de boue et litt\u00e9ralement sculpt\u00e9s par le tr\u00e8s pr\u00e9cis travail sur les lumi\u00e8res r\u00e9alis\u00e9 par Olivier W\u00e9ry.<\/p>\n<p>Gilles Wiernick incarne le vieil \u00e9crivain avec une belle assurance vocale, tandis que la mezzo Christine Solhosse, le haute-contre Marcel Arpots et le baryton Patrick Pircak forment le groupe des journalistes. A signaler la parfaite articulation de tous ces chanteurs.<\/p>\n<p align=\"right\">Philippe Tahn<\/p>\n","protected":false},"excerpt":{"rendered":"<p>Op\u00e9ra International n\u00ba245 &#8211; avril 2000 Hygi\u00e8ne de l&#8217;assassin L&#8217;Op\u00e9ra Royal de Wallonie dispose, \u00e0 c\u00f4t\u00e9 du th\u00e9\u00e2tre Royal, d&#8217;une seconde salle, le Petit Th\u00e9\u00e2tre o\u00f9 sont donn\u00e9s op\u00e9ras de chambre et ouvrages \u00e0 petits effectifs. C&#8217;est l\u00e0 que vient d&#8217;\u00eatre cr\u00e9\u00e9e Hygi\u00e8ne de l&#8217;assassin, musique et livret de Daniel &hellip;<\/p>\n","protected":false},"author":1,"featured_media":0,"parent":0,"menu_order":0,"comment_status":"closed","ping_status":"closed","template":"","meta":{"footnotes":""},"class_list":["post-238","page","type-page","status-publish","hentry"],"_links":{"self":[{"href":"https:\/\/www.danielschell.net\/index.php\/wp-json\/wp\/v2\/pages\/238"}],"collection":[{"href":"https:\/\/www.danielschell.net\/index.php\/wp-json\/wp\/v2\/pages"}],"about":[{"href":"https:\/\/www.danielschell.net\/index.php\/wp-json\/wp\/v2\/types\/page"}],"author":[{"embeddable":true,"href":"https:\/\/www.danielschell.net\/index.php\/wp-json\/wp\/v2\/users\/1"}],"replies":[{"embeddable":true,"href":"https:\/\/www.danielschell.net\/index.php\/wp-json\/wp\/v2\/comments?post=238"}],"version-history":[{"count":1,"href":"https:\/\/www.danielschell.net\/index.php\/wp-json\/wp\/v2\/pages\/238\/revisions"}],"predecessor-version":[{"id":239,"href":"https:\/\/www.danielschell.net\/index.php\/wp-json\/wp\/v2\/pages\/238\/revisions\/239"}],"wp:attachment":[{"href":"https:\/\/www.danielschell.net\/index.php\/wp-json\/wp\/v2\/media?parent=238"}],"curies":[{"name":"wp","href":"https:\/\/api.w.org\/{rel}","templated":true}]}}