{"id":282,"date":"2017-07-02T15:02:08","date_gmt":"2017-07-02T13:02:08","guid":{"rendered":"http:\/\/www.danielschell.net\/?page_id=282"},"modified":"2023-04-06T19:15:52","modified_gmt":"2023-04-06T17:15:52","slug":"neige-de-soleil-livret-video","status":"publish","type":"page","link":"https:\/\/www.danielschell.net\/index.php\/opera-music-theater\/christian-dotremont-2\/neige-de-soleil-livret-video\/","title":{"rendered":"&#8216;Neige de Soleil&#8217; Livret Video"},"content":{"rendered":"<h2><\/h2>\n<p>&nbsp;<\/p>\n<h2 style=\"text-align: center;\">Neige de soleil<\/h2>\n<h3 style=\"text-align: center;\">Op\u00e9ra<\/h3>\n<h1 style=\"text-align: center;\">Livret Vid\u00e9o<\/h1>\n<p><img loading=\"lazy\" decoding=\"async\" class=\" wp-image-62 aligncenter\" src=\"http:\/\/www.danielschell.net\/wp-content\/uploads\/2017\/05\/ShortIntro-300x225.png\" alt=\"\" width=\"191\" height=\"143\" srcset=\"https:\/\/www.danielschell.net\/wp-content\/uploads\/2017\/05\/ShortIntro-300x225.png 300w, https:\/\/www.danielschell.net\/wp-content\/uploads\/2017\/05\/ShortIntro-768x577.png 768w, https:\/\/www.danielschell.net\/wp-content\/uploads\/2017\/05\/ShortIntro-266x200.png 266w, https:\/\/www.danielschell.net\/wp-content\/uploads\/2017\/05\/ShortIntro.png 807w\" sizes=\"(max-width: 191px) 100vw, 191px\" \/><\/p>\n<p>Version 02 &nbsp;2017-06-27<\/p>\n<p style=\"text-align: center;\">Musique Daniel Schell<\/p>\n<p style=\"text-align: center;\">Livret Daniel Schell, bas\u00e9 sur l\u2019\u0153uvre de Christian Dotremont<\/p>\n<p>Gregory Decerf, baryton. Quatuor Tana. Mise en Sc\u00e8ne: Pascal Crochet. Th\u00e9\u00e2tre Po\u00e8me-Ars Musica Juin 2016.<\/p>\n<h1>Prologue<\/h1>\n<p>&nbsp;<\/p>\n<p><em>Mai 1976, Une auberge en Laponie. Christian Dotremont, est dans une pi\u00e8ce am\u00e9nag\u00e9e simplement, table, lit&#8230; La porte avant donne sur la neige. Dans le mur droit de la sc\u00e8ne, une autre porte ouverte communique avec une chambre occup\u00e9e par un personnage inconnu, l\u2019Accompagnatrice.<\/em><\/p>\n<p>VOIX RECITANTE \u00ab&nbsp;C\u2019est en 1967 que j\u2019ai eu une rechute de tuberculose, j\u2019ai d\u00fb retourner au sanatorium o\u00f9 je suis rest\u00e9 dix mois, jusqu\u2019\u00e0 ma gu\u00e9rison.<\/p>\n<p>J\u2019ai \u00e9t\u00e9 imprudent et suis all\u00e9 \u00e0 Copenhague o\u00f9 j\u2019ai attrap\u00e9 une pneumonie.<\/p>\n<p>Un m\u00e9decin m\u2019a conseill\u00e9 de suivre un r\u00e9gime strict. Ne plus voyager, travailler quelques heures par jour, encore quelques ann\u00e9es<\/p>\n<p>J\u2019\u00e9tais catastroph\u00e9, je n\u2019avais que 46 ans.&nbsp; Alors a commenc\u00e9 vraiment ma lutte contre la mort.<\/p>\n<p>En 1976, le m\u00e9decin m\u2019a trouv\u00e9 apte \u00e0 voyager en Laponie si j\u2019\u00e9tais accompagn\u00e9.<\/p>\n<p>C\u2019\u00e9tait formidable. Vous imaginez, vous comprenez quelle \u00e9nergie j\u2019avais d\u00fb trouver en moi, cr\u00e9er patiemment une nouvelle \u00e9nergie, dans une horrible patience quotidienne \u2013 et comme c\u2019\u00e9tait important, ce voyage en Laponie, et comme chaque voyage est important pour moi et j\u2019ai eu le meilleur voyage, et c\u2019\u00e9tait avec vous.&nbsp;\u00bb<\/p>\n<p>&nbsp;<\/p>\n<h1>Premi\u00e8re partie<\/h1>\n<p><em>Arriv\u00e9e de Christian et de l\u2019accompagnatrice \u00e0 Ivaho. Ils sont dans le bus. Par les fen\u00eatres couvertes de bu\u00e9e, ils d\u00e9couvrent le d\u00e9sert lapon, son rythme, son abstraction. <\/em><\/p>\n<h4>Tout \u00e0 coup dans cette torpeur &#8211; Video Youtube<\/h4>\n<p>&nbsp;<\/p>\n<p><strong>Video Youtube<\/strong><\/p>\n<p><a href=\"https:\/\/youtu.be\/uv36nPAJ5Rs\">https:\/\/youtu.be\/uv36nPAJ5Rs<\/a><\/p>\n<p>CHRISTIAN&nbsp;: <em>Parlchant\u00e9&nbsp;: \u00ab&nbsp;<\/em>Tout \u00e0 coup dans cette torpeur&#8230;si r\u00e9elle cette abstraction<\/p>\n<p>&nbsp;<\/p>\n<h4>J\u2019ai la sensation<\/h4>\n<p><em>Christian a la sensation d&#8217;entrer dans le plus grand dortoir du monde. <\/em><\/p>\n<p><strong>Video Youtube <\/strong><\/p>\n<p><a href=\"https:\/\/youtu.be\/VRwq2zdXpGA\">https:\/\/youtu.be\/VRwq2zdXpGA<\/a><\/p>\n<p>CHRISTIAN <em>chant\u00e9&nbsp;: <\/em>\u00ab&nbsp; J\u2019ai la sensation d\u2019entrer dans la plus grande douceur du monde, comme si je n\u2019avais pas ferm\u00e9 la porte, et d\u2019avancer dans le plus grand dortoir, le plus froid mais le plus doux&nbsp;\u00bb<\/p>\n<p>&nbsp;<\/p>\n<h4>Un village lapon n\u2019a pas de centre<\/h4>\n<p><em>Christian d\u00e9couvre le village dans ses &#8216;bottes de sept lieux&#8217;<\/em><\/p>\n<p><a href=\"https:\/\/youtu.be\/2CjUkTI_w0s\">https:\/\/youtu.be\/2CjUkTI_w0s<\/a><\/p>\n<p><img loading=\"lazy\" decoding=\"async\" class=\"alignnone size-full wp-image-288 aligncenter\" src=\"http:\/\/www.danielschell.net\/wp-content\/uploads\/2017\/07\/Village-lapon.jpg\" alt=\"\" width=\"192\" height=\"142\"><\/p>\n<p>&nbsp;<\/p>\n<p>CHRISTIAN&nbsp;: <em>chant\u00e9 <\/em>\u00ab&nbsp;Un village lapon n\u2019a pas de centre<\/p>\n<p>\u2026 &nbsp;dans sa hotte de sept feux.&nbsp;\u00bb<\/p>\n<p>&nbsp;<\/p>\n<h4>En hiver un jour lapon<\/h4>\n<p><em>Apr\u00e8s une visite \u00e0 la biblioth\u00e8que o\u00f9 il apprend le finnois, il veut rentrer \u00e0 l&#8217;auberge mais la porte est close. Sans y penser il danse et pense \u00e0 Gloria\u2026 <\/em><\/p>\n<p>Video YouTube&nbsp;:<\/p>\n<p><a href=\"https:\/\/youtu.be\/Vxc8YjO1ZhI\">https:\/\/youtu.be\/Vxc8YjO1ZhI<\/a><\/p>\n<p><img loading=\"lazy\" decoding=\"async\" class=\"size-full wp-image-289 aligncenter\" src=\"http:\/\/www.danielschell.net\/wp-content\/uploads\/2017\/07\/en-hiver-un-jour-lapon.jpg\" alt=\"\" width=\"296\" height=\"201\" srcset=\"https:\/\/www.danielschell.net\/wp-content\/uploads\/2017\/07\/en-hiver-un-jour-lapon.jpg 296w, https:\/\/www.danielschell.net\/wp-content\/uploads\/2017\/07\/en-hiver-un-jour-lapon-295x200.jpg 295w\" sizes=\"(max-width: 296px) 100vw, 296px\" \/><\/p>\n<p>CHRISTIAN <em>chant\u00e9<\/em>&nbsp;: \u00ab&nbsp;En hiver un jour lapon donc de nuit je rentre de la biblioth\u00e8que<\/p>\n<p>\u2026 &nbsp;et la patronne revient et je bois du th\u00e9 et dormant je danse encore \u00e0 ne pas mourir&nbsp;\u00bb&nbsp; <a href=\"#_edn1\" name=\"_ednref1\">[i]<\/a><\/p>\n<p>&nbsp;<\/p>\n<h4>En extr\u00eame nord la nuit<\/h4>\n<p><em>Toujours la nuit, mais il voit la neige quasi blanche <\/em><\/p>\n<p>Video YouTube&nbsp;:<\/p>\n<p><a href=\"https:\/\/youtu.be\/xUcIkLlLX_I\">https:\/\/youtu.be\/xUcIkLlLX_I<\/a><\/p>\n<p><img loading=\"lazy\" decoding=\"async\" class=\"size-medium wp-image-290 aligncenter\" src=\"http:\/\/www.danielschell.net\/wp-content\/uploads\/2017\/07\/Extreme-nord-la-nuit-300x225.png\" alt=\"\" width=\"300\" height=\"225\" srcset=\"https:\/\/www.danielschell.net\/wp-content\/uploads\/2017\/07\/Extreme-nord-la-nuit-300x225.png 300w, https:\/\/www.danielschell.net\/wp-content\/uploads\/2017\/07\/Extreme-nord-la-nuit-267x200.png 267w, https:\/\/www.danielschell.net\/wp-content\/uploads\/2017\/07\/Extreme-nord-la-nuit.png 644w\" sizes=\"(max-width: 300px) 100vw, 300px\" \/><\/p>\n<p>Figure 0\u20113, En Extr\u00eame Nord, la nuit&#8230;1978<\/p>\n<p><img loading=\"lazy\" decoding=\"async\" class=\"size-medium wp-image-291 aligncenter\" src=\"http:\/\/www.danielschell.net\/wp-content\/uploads\/2017\/07\/En-extreme-nord-la-nuit-300x50.jpg\" alt=\"\" width=\"300\" height=\"50\" srcset=\"https:\/\/www.danielschell.net\/wp-content\/uploads\/2017\/07\/En-extreme-nord-la-nuit-300x50.jpg 300w, https:\/\/www.danielschell.net\/wp-content\/uploads\/2017\/07\/En-extreme-nord-la-nuit.jpg 445w\" sizes=\"(max-width: 300px) 100vw, 300px\" \/><\/p>\n<p style=\"text-align: center;\">En &nbsp; &nbsp; extr\u00eame &nbsp; &nbsp; &nbsp; &nbsp; nord &nbsp; &nbsp; &nbsp; &nbsp; la &nbsp; &nbsp; &nbsp; &nbsp; &nbsp; nuit<\/p>\n<p>&nbsp;<\/p>\n<p>CHRISTIAN&nbsp;: <em>chant\u00e9<\/em> \u00ab&nbsp;En Extr\u00eame-Nord, la nuit, je regarde la neige,<\/p>\n<p>\u2026en pleine r\u00e9alit\u00e9 imm\u00e9diate.&nbsp;\u00bb<\/p>\n<p>&nbsp;<\/p>\n<h4>D\u2019un bout de paysage lapon<\/h4>\n<p>Il voit tout l&#8217;espace, la neige, le soleil<\/p>\n<p><a href=\"https:\/\/youtu.be\/uO5W-gdzseU\">https:\/\/youtu.be\/uO5W-gdzseU<\/a><\/p>\n<p><img loading=\"lazy\" decoding=\"async\" class=\"size-full wp-image-292 aligncenter\" src=\"http:\/\/www.danielschell.net\/wp-content\/uploads\/2017\/07\/d-un-bout-de-paysage.jpg\" alt=\"\" width=\"160\" height=\"262\" srcset=\"https:\/\/www.danielschell.net\/wp-content\/uploads\/2017\/07\/d-un-bout-de-paysage.jpg 160w, https:\/\/www.danielschell.net\/wp-content\/uploads\/2017\/07\/d-un-bout-de-paysage-122x200.jpg 122w\" sizes=\"(max-width: 160px) 100vw, 160px\" \/><\/p>\n<p>CHRISTIAN <em>danse et chante<\/em>&nbsp;: D\u2019un bout de paysage lapon<\/p>\n<p>\u2026 &nbsp;Jusqu\u2019\u00e0 l\u2019avenir&nbsp;\u00bb<\/p>\n<p>&nbsp;<\/p>\n<h4>O Laponie si lointaine<\/h4>\n<p><em>(\u2018D\u2019un bout de paysage lapon\u2019 comprend \u2018O Laponie si lointaine\u2019)&nbsp;<\/em><\/p>\n<p><img loading=\"lazy\" decoding=\"async\" class=\"size-full wp-image-293 aligncenter\" src=\"http:\/\/www.danielschell.net\/wp-content\/uploads\/2017\/07\/O-laponie-si-lointaine.jpg\" alt=\"\" width=\"132\" height=\"192\"><\/p>\n<p>&#8220;O Laponie si lointaine, o\u00f9 tout est si proche, m\u00eame le commencement&#8221;<\/p>\n<p>&nbsp;<\/p>\n<h4>Ma prairie de rien<\/h4>\n<p>Video Youtube&nbsp;:<\/p>\n<p><a href=\"https:\/\/youtu.be\/fXojPZuUYEU\">https:\/\/youtu.be\/fXojPZuUYEU<\/a><\/p>\n<p><img loading=\"lazy\" decoding=\"async\" class=\"size-full wp-image-294 aligncenter\" src=\"http:\/\/www.danielschell.net\/wp-content\/uploads\/2017\/07\/Prairie-de-rien.jpg\" alt=\"\" width=\"205\" height=\"295\" srcset=\"https:\/\/www.danielschell.net\/wp-content\/uploads\/2017\/07\/Prairie-de-rien.jpg 205w, https:\/\/www.danielschell.net\/wp-content\/uploads\/2017\/07\/Prairie-de-rien-139x200.jpg 139w\" sizes=\"(max-width: 205px) 100vw, 205px\" \/><\/p>\n<p>&nbsp;<\/p>\n<p>CHRISTIAN&nbsp;: \u00ab&nbsp;ma prairie de rien&nbsp;&nbsp; mon boulingrin de neige\u2026 &nbsp;Mon boulingrin\u00bb<\/p>\n<p>&nbsp;<\/p>\n<h1>Deuxi\u00e8me partie<\/h1>\n<p><em>Christian dans sa chambre, pens\u00e9es vari\u00e9es, dessine des logogramme<\/em>s.<\/p>\n<p>&nbsp;<\/p>\n<h4>J\u2019\u00e9cris \u00e0 Gloria<\/h4>\n<p><em>Il pense tout \u00e0 coup \u00e0 Gloria, \u00e0 l\u2019effort cr\u00e9atif qu\u2019il fait pour la s\u00e9duire<\/em><\/p>\n<p>Video YouTube&nbsp;:<\/p>\n<p><a href=\"https:\/\/youtu.be\/oBVORbBoFlo\">https:\/\/youtu.be\/oBVORbBoFlo<\/a><\/p>\n<p>CRISTIAN <em>parl\u00e9&nbsp;: <\/em>\u00ab&nbsp;<em>J\u2019\u00e9cris \u00e0 Gloria\u2026<\/em><\/p>\n<p><em>\u2026<\/em><em>c\u2019est ma distraction&nbsp;\u00bb<\/em><\/p>\n<p>&nbsp;<\/p>\n<h4>Vous avez la fibre romantique&nbsp;?<\/h4>\n<p><u>&nbsp;<\/u><\/p>\n<p>CHRISTIAN <em>parlchant\u00e9<\/em>\u00ab&nbsp;Vous avez la fibre romantique&nbsp;?&nbsp;\u00bb<\/p>\n<p><a href=\"https:\/\/youtu.be\/WT8KnsYQ1IY\">https:\/\/youtu.be\/WT8KnsYQ1IY<\/a><\/p>\n<p>&nbsp;<\/p>\n<p><u>&nbsp;<\/u><\/p>\n<h1>Troisi\u00e8me partie<\/h1>\n<p><em>Christian pense aux grandes \u00e9tendues neigeuses. Dans les deux airs suivant il se livre \u00e0 une r\u00e9flexion lyrique sue les \u00e9tendues lapones. Allant de l\u2019amour \u00e0 une pens\u00e9e quasi bouddhique. <\/em><\/p>\n<p>&nbsp;<\/p>\n<h2>&nbsp;&nbsp;L\u2019amour, neige de soleil<\/h2>\n<p>&nbsp;<\/p>\n<p><a href=\"https:\/\/youtu.be\/F_tiwTTXWDU\">https:\/\/youtu.be\/F_tiwTTXWDU<\/a><\/p>\n<p><img loading=\"lazy\" decoding=\"async\" class=\"size-full wp-image-296 aligncenter\" src=\"http:\/\/www.danielschell.net\/wp-content\/uploads\/2017\/07\/l-amour-neige-de-soleil-1.jpg\" alt=\"\" width=\"204\" height=\"288\" srcset=\"https:\/\/www.danielschell.net\/wp-content\/uploads\/2017\/07\/l-amour-neige-de-soleil-1.jpg 204w, https:\/\/www.danielschell.net\/wp-content\/uploads\/2017\/07\/l-amour-neige-de-soleil-1-142x200.jpg 142w\" sizes=\"(max-width: 204px) 100vw, 204px\" \/><\/p>\n<p><img loading=\"lazy\" decoding=\"async\" class=\"size-medium wp-image-297 aligncenter\" src=\"http:\/\/www.danielschell.net\/wp-content\/uploads\/2017\/07\/Lamour-neige-de-soleil-2--300x59.jpg\" alt=\"\" width=\"300\" height=\"59\" srcset=\"https:\/\/www.danielschell.net\/wp-content\/uploads\/2017\/07\/Lamour-neige-de-soleil-2--300x59.jpg 300w, https:\/\/www.danielschell.net\/wp-content\/uploads\/2017\/07\/Lamour-neige-de-soleil-2-.jpg 366w\" sizes=\"(max-width: 300px) 100vw, 300px\" \/><\/p>\n<p><img loading=\"lazy\" decoding=\"async\" class=\"size-medium wp-image-78 aligncenter\" src=\"http:\/\/www.danielschell.net\/wp-content\/uploads\/2017\/05\/neige-de-soleil-300x58.png\" alt=\"\" width=\"300\" height=\"58\" srcset=\"https:\/\/www.danielschell.net\/wp-content\/uploads\/2017\/05\/neige-de-soleil-300x58.png 300w, https:\/\/www.danielschell.net\/wp-content\/uploads\/2017\/05\/neige-de-soleil.png 653w\" sizes=\"(max-width: 300px) 100vw, 300px\" \/><\/p>\n<p style=\"text-align: center;\">Amour&nbsp;&nbsp;&nbsp;&nbsp;&nbsp;&nbsp;&nbsp;&nbsp;&nbsp;&nbsp;&nbsp; neige&nbsp;&nbsp;&nbsp;&nbsp;&nbsp;&nbsp;&nbsp;&nbsp;&nbsp;&nbsp;&nbsp;&nbsp;&nbsp;&nbsp; de &nbsp; &nbsp; &nbsp; &nbsp; &nbsp; &nbsp; &nbsp; &nbsp; &nbsp; &nbsp; soleil<\/p>\n<p>&nbsp;<\/p>\n<p>CHRISTIAN&nbsp;: <em>chant\u00e9<\/em>&nbsp;\u00ab&nbsp;L\u2019amour, neige de soleil. Ou bien et sans doute en m\u00eame temps, &#8230;<\/p>\n<p>jusqu\u2019\u00e0 ne jamais recommencer que d\u2019ensemble au r\u00e9el.&nbsp;\u00bb<\/p>\n<p>&nbsp;<\/p>\n<h4>&nbsp;Nous n\u2019avons rien \u00e0 faire de l\u2019au-del\u00e0<\/h4>\n<p>&nbsp;<\/p>\n<p><a href=\"https:\/\/youtu.be\/lWdF_u4aok4\">https:\/\/youtu.be\/lWdF_u4aok4<\/a><\/p>\n<p><img loading=\"lazy\" decoding=\"async\" class=\"size-medium wp-image-298 aligncenter\" src=\"http:\/\/www.danielschell.net\/wp-content\/uploads\/2017\/07\/rien-a-faire-au-dela-300x155.jpg\" alt=\"\" width=\"300\" height=\"155\" srcset=\"https:\/\/www.danielschell.net\/wp-content\/uploads\/2017\/07\/rien-a-faire-au-dela-300x155.jpg 300w, https:\/\/www.danielschell.net\/wp-content\/uploads\/2017\/07\/rien-a-faire-au-dela-386x200.jpg 386w, https:\/\/www.danielschell.net\/wp-content\/uploads\/2017\/07\/rien-a-faire-au-dela.jpg 498w\" sizes=\"(max-width: 300px) 100vw, 300px\" \/><\/p>\n<p>CHRISTIAN: <em>chant\u00e9<\/em> \u00ab&nbsp;Nous n\u2019avons rien \u00e0 faire de l\u2019au-del\u00e0 fabriqu\u00e9 par&nbsp; ceux-ci, ni du n\u00e9ant c\u00e9l\u00e9br\u00e9 par ceux-l\u00e0,<\/p>\n<p>\u2026 aboie un chien, chante, vole un oiseau, comme notre sensation d\u2019\u00e9ternit\u00e9 vient et vit d\u2019une multiplication r\u00e9elle mais extr\u00eamement lente des nuances de la nuit ou du jour<\/p>\n<h4>Des nuages tout blancs<\/h4>\n<p><a href=\"https:\/\/youtu.be\/L5XRz7B1E9g\">https:\/\/youtu.be\/L5XRz7B1E9g<\/a><\/p>\n<p><img loading=\"lazy\" decoding=\"async\" class=\"alignnone size-full wp-image-299 aligncenter\" src=\"http:\/\/www.danielschell.net\/wp-content\/uploads\/2017\/07\/Nuages-tous-blancs.jpg\" alt=\"\" width=\"192\" height=\"135\"><\/p>\n<p>&nbsp;<\/p>\n<p>Figure 0\u20113 Des nuages tout blancs 1976 ( in Guy Dotremont 2008, p166. Clich\u00e9 original re\u00e7u de Guy Dotremont)<\/p>\n<p>CHRISTIAN&nbsp;: <em>chant\u00e9&nbsp;<\/em>:\u00ab&nbsp;Des nuages tout blancs passant dans le ciel de l\u2019\u00e9t\u00e9,\u2026&nbsp;\u00bb<\/p>\n<p>&nbsp;<\/p>\n<h1>Quatri\u00e8me partie<\/h1>\n<p><em>Christian sort, les logoneiges<\/em>.<\/p>\n<h2><\/h2>\n<h4>Pour un rien plein<\/h4>\n<p><a href=\"https:\/\/youtu.be\/HgOJnBGDCVo\">https:\/\/youtu.be\/HgOJnBGDCVo<\/a><\/p>\n<p>CHRISTIAN&nbsp;: <em>sort<\/em><\/p>\n<p><em>Parlchant\u00e9&nbsp;: <\/em>\u00ab&nbsp;Je m\u2019en vais, j\u2019ai envie de (d\u2019ouvrir la porte), de faire partie.<a href=\"#_edn3\" name=\"_ednref3\">[iii]<\/a><\/p>\n<p><em>Il \u00e9crit dans la neige: <\/em>\u00ab&nbsp;Pour un Rien Plein.&nbsp;\u00bb<\/p>\n<h4>Sc\u00e8ne des logoneiges<\/h4>\n<p><em>Christian sort, trace des logoneiges dans la neige \u00e0 l\u2019aide d\u2019un b\u00e2ton. Il s\u2019y roule m\u00eame. La sc\u00e8ne m\u00e9lange les mots de Christian qu\u2019il \u00e9met en parlchant\u00e9 haletant, et le t\u00e9moignage de l\u2019Accompagnatrice (enregistr\u00e9 \u00e0 partir du texte de Caroline Ghyselen) <\/em><\/p>\n<p>&nbsp;<\/p>\n<p>CHRISTIAN&nbsp;: <em>parlchant\u00e9, commence \u00e0 tracer&nbsp;<\/em>:<\/p>\n<p><a href=\"https:\/\/youtu.be\/1fGBQoP4Xz0\">https:\/\/youtu.be\/1fGBQoP4Xz0<\/a><\/p>\n<p>&nbsp;<\/p>\n<p><em>Pendant ce temps, on entend le texte de l\u2019Accompagnatrice&nbsp;:<\/em><\/p>\n<p>&nbsp;<\/p>\n<p>L\u2019ACCOMPAGNATRICE&nbsp;: <em>enregistr\u00e9 <\/em>(<em>Ce texte est de Caroline Gyselen. D\u00e9but&nbsp;:<\/em><\/p>\n<p>La neige attend, aveuglante, silencieuse, \u2026.<\/p>\n<p>\u2026.La joie est partout.\u00bb (Fin du texte de Caroline Gyselen)<\/p>\n<p>&nbsp;<\/p>\n<p>&nbsp;<\/p>\n<h2><\/h2>\n<h2>Fin du livret<\/h2>\n<p>&nbsp;<\/p>\n<p>&nbsp;<\/p>\n<h2>Credits&nbsp;:<\/h2>\n<p>Ex\u00e9cut\u00e9 avec l\u2019autorisation et l\u2019aimable collaboration de Guy Dotremont, fr\u00e8re de Christian.<br \/>\nAvec l\u2019aimable collaboration de Caroline Ghyselen, accompagnatrice de Dotremont, lors de son voyage en Laponie, 1976.<\/p>\n<p>Travail Graphique des logogrammes&nbsp;: Simona Gropeneanu.<br \/>\nEdition de la partition et graphiques&nbsp;: Olivier Verschueren, Wim de Winter<\/p>\n<p>Photos&nbsp;des logogrammes: Si l\u2019auteur n\u2019est pas sp\u00e9cifi\u00e9, Clic Music.<\/p>\n<p>Videographie, insertion des logogrammes&nbsp;: Marie Kasemierczak<\/p>\n<p>Cr\u00e9ation 27\/05\/2016&nbsp;: Th\u00e9\u00e2tre Po\u00e8me, direction Dolor\u00e8s Oscari. Mise en sc\u00e8ne&nbsp;: Pascal Crochet. Production&nbsp;: Th\u00e9\u00e2tre Po\u00e8me, Ars Musica, direction Bruno Letort. Quatuor Tana.<\/p>\n<p>&nbsp;<\/p>\n<p>Editions&nbsp;Clic Music Bruxelles: www.clicmusic.be<\/p>\n<p>Daniel Schell: www.danielschell.net<\/p>\n<p><a href=\"#_ednref1\" name=\"_edn1\">[i]<\/a> \u00ab&nbsp;En hiver un jour lapon&nbsp;\u00bb CD 1971, In Guy Dotremont Lattitude Nord p136<\/p>\n<p>&nbsp;<\/p>\n<h1><a href=\"#_ednref2\" name=\"_edn2\"><\/a>Notes<\/h1>\n<p>&nbsp;<\/p>\n<p>[ii] &nbsp;&nbsp;((log, encre de chine sur papier, 54,5x73cm,1978, in Christian Dotremont, en \u00e9criture dans le texte, Samuel Vanhoegaerden Gallery, Knokke 2007, (voir photo 49))<\/p>\n<p>&nbsp;<\/p>\n<p><a href=\"#_ednref3\" name=\"_edn3\">[iii]<\/a> \u2018Je m\u2019en vais\u2026 \u2018 texte propos\u00e9 par Pascal Crochet, (origine \u00e0 d\u00e9terminer).<\/p>\n","protected":false},"excerpt":{"rendered":"<p>&nbsp; Neige de soleil Op\u00e9ra Livret Vid\u00e9o Version 02 &nbsp;2017-06-27 Musique Daniel Schell Livret Daniel Schell, bas\u00e9 sur l\u2019\u0153uvre de Christian Dotremont Gregory Decerf, baryton. Quatuor Tana. Mise en Sc\u00e8ne: Pascal Crochet. Th\u00e9\u00e2tre Po\u00e8me-Ars Musica Juin 2016. Prologue &nbsp; Mai 1976, Une auberge en Laponie. Christian Dotremont, est dans une &hellip;<\/p>\n","protected":false},"author":2,"featured_media":0,"parent":190,"menu_order":0,"comment_status":"closed","ping_status":"closed","template":"","meta":{"footnotes":""},"class_list":["post-282","page","type-page","status-publish","hentry"],"_links":{"self":[{"href":"https:\/\/www.danielschell.net\/index.php\/wp-json\/wp\/v2\/pages\/282"}],"collection":[{"href":"https:\/\/www.danielschell.net\/index.php\/wp-json\/wp\/v2\/pages"}],"about":[{"href":"https:\/\/www.danielschell.net\/index.php\/wp-json\/wp\/v2\/types\/page"}],"author":[{"embeddable":true,"href":"https:\/\/www.danielschell.net\/index.php\/wp-json\/wp\/v2\/users\/2"}],"replies":[{"embeddable":true,"href":"https:\/\/www.danielschell.net\/index.php\/wp-json\/wp\/v2\/comments?post=282"}],"version-history":[{"count":7,"href":"https:\/\/www.danielschell.net\/index.php\/wp-json\/wp\/v2\/pages\/282\/revisions"}],"predecessor-version":[{"id":659,"href":"https:\/\/www.danielschell.net\/index.php\/wp-json\/wp\/v2\/pages\/282\/revisions\/659"}],"up":[{"embeddable":true,"href":"https:\/\/www.danielschell.net\/index.php\/wp-json\/wp\/v2\/pages\/190"}],"wp:attachment":[{"href":"https:\/\/www.danielschell.net\/index.php\/wp-json\/wp\/v2\/media?parent=282"}],"curies":[{"name":"wp","href":"https:\/\/api.w.org\/{rel}","templated":true}]}}