{"id":329,"date":"2018-01-19T15:04:04","date_gmt":"2018-01-19T14:04:04","guid":{"rendered":"http:\/\/www.danielschell.net\/?page_id=329"},"modified":"2018-03-20T22:57:54","modified_gmt":"2018-03-20T21:57:54","slug":"libretto-video-les-combustibles","status":"publish","type":"page","link":"https:\/\/www.danielschell.net\/index.php\/opera-music-theater\/amelie-nothomb\/les-combustibles\/libretto-video-les-combustibles\/","title":{"rendered":"Combustibles: Libretto-Video"},"content":{"rendered":"<h1 style=\"text-align: center;\">Livret Video<\/h1>\n<p>&nbsp;<\/p>\n<p>Op\u00e9ra . Musique de Daniel Schell\u2019 (C Sabam, Belgique 1998). Livret de Daniel Schell\u2019 sur base du roman d\u2019Am\u00e9lie Nothomb, (C. Albin Michel 1994, repr\u00e9sent\u00e9 par la SACD)<\/p>\n<p>Ce livret video est bas\u00e9 sur la performance qui eut lieu au Th\u00e9atre XXe, Paris en D\u00e9cembre 1997. Malheureusement la quelit\u00e9 visuelle et sonore est m\u00e9diocre. L&#8217;interpr\u00e9tation \u00e9tant toutefois excellente et le document rare, le compositeur a d\u00e9cid\u00e9 de le publier en tant que r\u00e9f\u00e9rence.<\/p>\n<p>&nbsp;<\/p>\n<p><a name=\"_Toc412429634\"><\/a><a name=\"_Toc405541796\"><\/a>Personnages<\/p>\n<p>Le Professeur (d\u00e9nomm\u00e9 Milan dans le livret) ,\u00a0\u00a0\u00a0\u00a0\u00a0\u00a0\u00a0\u00a0\u00a0\u00a0\u00a0\u00a0 baryton basse<\/p>\n<p>Daniel, assistant du Professeur,\u00a0\u00a0\u00a0\u00a0\u00a0\u00a0\u00a0\u00a0\u00a0\u00a0\u00a0\u00a0\u00a0\u00a0\u00a0\u00a0\u00a0\u00a0\u00a0\u00a0\u00a0\u00a0\u00a0\u00a0\u00a0\u00a0\u00a0\u00a0\u00a0\u00a0\u00a0\u00a0\u00a0\u00a0\u00a0\u00a0 baryton<\/p>\n<p>Marina, \u00e9tudiante de derni\u00e8re ann\u00e9e\u00a0\u00a0\u00a0\u00a0\u00a0\u00a0\u00a0\u00a0\u00a0\u00a0\u00a0\u00a0\u00a0\u00a0\u00a0\u00a0\u00a0\u00a0\u00a0\u00a0\u00a0\u00a0\u00a0\u00a0\u00a0\u00a0\u00a0\u00a0\u00a0 soprano<\/p>\n<p>Le Pianiste (r\u00f4le muet)\u00a0\u00a0\u00a0\u00a0\u00a0\u00a0\u00a0\u00a0\u00a0\u00a0\u00a0\u00a0\u00a0\u00a0\u00a0\u00a0\u00a0\u00a0\u00a0\u00a0\u00a0\u00a0\u00a0\u00a0\u00a0\u00a0\u00a0\u00a0\u00a0\u00a0\u00a0\u00a0\u00a0\u00a0\u00a0\u00a0\u00a0\u00a0\u00a0\u00a0\u00a0\u00a0\u00a0\u00a0\u00a0\u00a0\u00a0 musicien (clavier)<\/p>\n<p>Cr\u00e9ation: Les 11, 12 et 13 d\u00e9cembre 1997 au XXe Th\u00e9atre, Paris, sur la demande de Bruno Letort. Puis au Mus\u00e9e des Beaux-Arts de Lille, le 13 Mars 1998. Espace Senghor, Bruxelles, 1-2 Octobre 1998. Commande du Minist\u00e8re de la Communaut\u00e9 Fran\u00e7aise de Belgique. Production: L\u2019L, Mich\u00e8le Braconnier. Mise en sc\u00e8ne: Daniel Donies. Direction Musicale et claviers: Patrick Davin et Jean-Pierre Moemaers. Avec Marie-Paule Fayt ( Marina) , Thierry Vallier (Daniel), Alain Blairon (Le Professeur Milan).<\/p>\n<h1><a name=\"_Toc412429635\"><\/a><a name=\"_Toc405541797\"><\/a>L\u2019action en quelques phrases:<\/h1>\n<p>(R\u00e9sum\u00e9 du Livret, Version du 5 janvier 2003)<\/p>\n<h1><\/h1>\n<h2>Sc\u00e8ne 1<\/h2>\n<p><em>D\u2019apr\u00e8s Am\u00e9lie Nothomb: \u201cAu fond de la pi\u00e8ce, une biblioth\u00e8que, surcharg\u00e9e de livres, couvre tout le mur. Le reste de la salle frappe par son d\u00e9nuement: ni table, ni bureau, ni fauteuil, seulement quelques chaises en bois et, \u00e0 droite, un \u00e9norme po\u00eale en fonte.\u201d Dans le mise en sc\u00e8ne de Daniel Donies: La pi\u00e8ce principale d\u2019un petit appartement. C\u00f4t\u00e9 jardin une porte monte \u00e0 la chambre. C\u00f4t\u00e9 cour la porte de\u2019entr\u00e9e de l\u2019appartement.<\/em><\/p>\n<p>L\u2019action se situe pendant une guerre Barbare, non pr\u00e9cis\u00e9e. Les personnages sont professeurs et \u00e9l\u00e8ves du D\u00e9partement de Litt\u00e9rature de l\u2019Universit\u00e9. Le Professeur, 50 ans, discute livres avec son assistant Daniel, 30 ans qui partage son appartement avec lui. On est en plein coeur d\u2019un hiver rigoureux\u00a0 et le combustible manque cruellement. Plus de chaises, plus de meubles, plus rien \u00e0 br\u00fbler.<\/p>\n<p>&#8220;Depuis que les Barbares&#8221;<\/p>\n<p><iframe loading=\"lazy\" src=\"https:\/\/www.youtube.com\/embed\/WLW0Q1AW2sY?rel=0\" width=\"560\" height=\"315\" frameborder=\"0\" allowfullscreen=\"allowfullscreen\"><\/iframe><br \/>\nLe Professeur propose plut\u00f4t \u00e0 Daniel d\u2019aller se r\u00e9chauffer \u00e0 l\u2019Universit\u00e9 quand elle n\u2019est pas bombard\u00e9e.<\/p>\n<p>Entre Marina, 20 ans, l\u2019amie et \u00e9tudiante de Daniel.<\/p>\n<p>&#8220;La Nature est Injuste&#8221;<br \/>\n<iframe loading=\"lazy\" src=\"https:\/\/www.youtube.com\/embed\/F4qM-Ndabbw?rel=0\" width=\"560\" height=\"315\" frameborder=\"0\" allowfullscreen=\"allowfullscreen\"><\/iframe><\/p>\n<p>&nbsp;<\/p>\n<p>Le Professeur rappelle \u00e0 Daniel que ce dernier change de \u201cfianc\u00e9e\u201d chaque ann\u00e9e. Daniel lui assure qu\u2019avec Marina ce ne sera pas la m\u00eame chose: il l\u2019aime. Marina n\u2019y croit pas plus que \u00e7a et lui reproche son inconstance en le comparant au P\u00e2ris, coureur de femmes, de l\u2019Illiade. Pour se r\u00e9chauffer, elle leur propose de br\u00fbler plut\u00f4t les livres qui sont dans la biblioth\u00e8que du Professeur.\u00a0Br\u00fbler un livre, mais lequel? Ils n\u2019arrivent pas \u00e0 se mettre d\u2019accord sur la \u201cvaleur litt\u00e9raire\u201d compar\u00e9e d\u2019auteurs comme Kleinbettingen ou Sterpenich ou encore&#8230; Kalidasa et sa fameuse pi\u00e8ce &#8216;Shakuntala&#8217;.<\/p>\n<p>&nbsp;<\/p>\n<p><iframe loading=\"lazy\" src=\"https:\/\/www.youtube.com\/embed\/LrXKwVGNPfw?rel=0\" width=\"560\" height=\"315\" frameborder=\"0\" allowfullscreen=\"allowfullscreen\"><\/iframe><br \/>\nMarina s\u2019en va.<\/p>\n<p>Le Professeur et Daniel discutent. Poser la question \u201cQuel livre br\u00fbler?\u201d revient au m\u00eame que \u201c Quel livre emm\u00e8neriez-vous sur une \u00eele d\u00e9serte?\u201d. Avant de br\u00fbler les livres, il faudrait les apprendre par coeur, du moins les bons. On\u00a0 le faisait bien dans l\u2019antiquit\u00e9.Le Professeur enseigne donc \u00e0 Daniel le rituel d\u2019apprentissage de la Veda.<\/p>\n<p>&#8216;les Vedas par Coeur&#8217;<\/p>\n<p><iframe loading=\"lazy\" src=\"https:\/\/www.youtube.com\/embed\/sGnVGRzESko?rel=0\" width=\"560\" height=\"315\" frameborder=\"0\" allowfullscreen=\"allowfullscreen\"><\/iframe><br \/>\nRentre Marina. Terroris\u00e9e, elle annonce que la cit\u00e9 universitaire a \u00e9t\u00e9 bombard\u00e9e.<\/p>\n<h2>Sc\u00e8ne 2<\/h2>\n<p><em>Le Professeur, Marina. M\u00eame pi\u00e8ce. <\/em><\/p>\n<p>Marina s\u2019interroge: \u201cMe voyez-vous me marier? \u2026Y a-t-il un sujet qui vaille au coeur d\u2019un po\u00eale?\u201d. Elle est d\u2019avis que non. \u201cL\u2019enfer, c\u2019est le froid.<\/p>\n<p>L&#8217;Enfer c&#8217;est le Froid<br \/>\n<iframe loading=\"lazy\" src=\"https:\/\/www.youtube.com\/embed\/XQ2lUA_Bgh8?rel=0\" width=\"560\" height=\"315\" frameborder=\"0\" allowfullscreen=\"allowfullscreen\"><\/iframe><\/p>\n<p>&nbsp;<\/p>\n<p>Le Professeur l\u2019invite \u00e0 bouger, \u00e0 sortir.<\/p>\n<p>Moins froid Maintenant<\/p>\n<p><iframe loading=\"lazy\" src=\"https:\/\/www.youtube.com\/embed\/CslMOk5W5SA?rel=0\" width=\"560\" height=\"315\" frameborder=\"0\" allowfullscreen=\"allowfullscreen\"><\/iframe><br \/>\nMais comment pourrait-elle sortir, alors qu\u2019on se fait tuer dans la rue. Se suicider, facile. Il suffit d\u2019aller se promener sur la grand-place pour attraper une balle. Marina annonce qu\u2019apr\u00e8s le dernier livre, c\u2019est ce qu\u2019elle fera.<\/p>\n<p>Le Professeur lui propose de danser. Un climat d\u2019\u00e9rotisme sur le mode attraction-r\u00e9pulsion s\u2019installe entre eux. Elle couche avec lui pour profiter \u201cde son ventre br\u00fblant\u201d.<\/p>\n<h2>Sc\u00e9ne 3<\/h2>\n<p><em>Daniel, Le Professeur, Marina. M\u00eame pi\u00e8ce. <\/em><\/p>\n<p>Daniel et Le Professeur\u00a0 ont pass\u00e9 la nuit \u00e0 \u00e9tudier les dix derniers ouvrages par coeur, comme le faisaient les A\u00e8des pour pr\u00e9server l\u2019Illiade. Ils reparlent du dernier livre \u00e0 br\u00fbler. Le Professeur s\u2019en d\u00e9sint\u00e9resse. Il ne pense plus lui aussi qu\u2019\u00e0 avoir chaud. Pourtant quand Daniel propose de br\u00fbler <em>Le Bal de l\u2019Observatoire <\/em>de Blatek, Le Professeur refuse soudain. Il pense \u00e0\u00a0 l\u2019histoire d\u2019amour des adolescents Larissa et Jaromil, \u00e0 la sc\u00e8ne du bal, et aux sc\u00e8nes de la Gen\u00e8se auxquelles il est fait allusion: le match d\u2019impro avec pour sujet le combat de Iaacob et d\u2019Elohim, ou encore le r\u00e9cit d\u2019Adam et Eve\u2026<\/p>\n<p>Marina rentre. Daniel sait qu\u2019elle a couch\u00e9 avec Le Professeur. Elle ne se cache pas de ce r\u00e9pugnant moment. \u201cJe l\u2019ai fait uniquement pour avoir chaud\u201d dit-elle.\u00a0 La tension se cristallise sur <em>Le Bal de l\u2019Observatoire<\/em>, dernier refuge de la beaut\u00e9, dernier vestige de la civilisation. Marina supplie qu\u2019on ne le br\u00fble pas. En vain. Le Professeur jette le livre au feu. Marina se pr\u00e9cipite dehors, vers cette \u201cGrand-Place\u201d o\u00f9 les passants sont abattus par les franc-tireurs. Daniel se pr\u00e9cipite pour tenter de la rattraper.<\/p>\n<p>Profitant des derni\u00e8res minutes de chaleur, Le Professeur soliloque. Il va aller retrouver les deux cadavres sur la \u201cGrand-Place\u201d d\u00e8s que le dernier \u201cCombustible\u201d sera br\u00fbl\u00e9. Il y restera le temps qu\u2019il faudra.<\/p>\n<p>*********************<\/p>\n<p>&nbsp;<\/p>\n<h3><a name=\"_Toc412429636\"><\/a><a name=\"_Toc405541798\"><\/a>Notes sur le livret<\/h3>\n<p>Le livret suit \u00e0 peu de choses pr\u00e8s le cours des \u00e9v\u00e8nements relat\u00e9s dans le roman..<\/p>\n<p>Le Pianiste a \u00e9t\u00e9 rajout\u00e9 comme personnage muet. Pour des raisons de commodit\u00e9, le Professeur a \u00e9t\u00e9 d\u00e9nomm\u00e9 Milan. Il n\u2019y a toutefois pas de r\u00e9f\u00e9rence au noms \u201cMilan\u201d ou \u201cLe Pianiste\u201d dans le texte de l\u2019opera..<\/p>\n<p>Le roman parle de la Gen\u00e8se (Le combat de Jacob et de l\u2019Ange, Adam et Eve) ainsi que des A\u00e8des qui apprennent l\u2019Illiade par coeur. Toutefois ces sc\u00e8nes y sont simplement cit\u00e9es et non pas d\u00e9crites. Le roman ne contient d\u2019ailleurs aucune citation ni r\u00e9f\u00e9rence \u00e0 un auteur r\u00e9el, selon la volont\u00e9 d\u00e9lib\u00e9r\u00e9e d\u2019Am\u00e9lie Nothomb. Le compositeur a introduit dans le livret des citations de l\u2019Illade et de l\u2019Odyss\u00e9e (en grec), de la Gen\u00e8se (combat de Iaacov et Elohim, sc\u00e8ne de la s\u00e9duction d\u2019Eve, en h\u00e9breu) , de la Veda et de KAlidAsa (en sanscrit et en anglais)\u00a0 ainsi que leurs traductions en fran\u00e7ais. Ces citations sont souvent introduites de mani\u00e8re ambigue afin qu\u2019un auditeur non pr\u00e9venu y entende du Kleinbettingen ou du Fostoli dans un \u201csabir\u201d exotique mais non pr\u00e9cis\u00e9.<\/p>\n<p>Deux sc\u00e8nes de m\u00e9morisation: \u201cl\u2019Illiade par coeur\u201d et \u201cLes Veda-s par coeur\u201d ont \u00e9t\u00e9 ajout\u00e9es. Ces r\u00e9f\u00e9rences ont \u00e9t\u00e9 ajout\u00e9es par le compositeur qui les utilise volontiers pour leurs aspect rythmique et m\u00e9trique, pour \u00e9tablir des contre-textes et des images de r\u00e9f\u00e9rence, enfin pour leur mati\u00e8re th\u00e9atrale. La r\u00e9f\u00e9rence au sanscrit provient essentiellement du fait que les m\u00e9thodes de m\u00e9morisation des textes et chants sacr\u00e9s pratiqu\u00e9es par les \u201cA\u00e8des\u201d sont encore en usage courant aujourd\u2019hui en Inde et donc bien connues.<\/p>\n<p style=\"text-align: center;\">*****<\/p>\n<p>Version du 18 Mars 2018<\/p>\n<p style=\"text-align: center;\">C Daniel Schell- Clic Music<\/p>\n<p>&nbsp;<\/p>\n","protected":false},"excerpt":{"rendered":"<p>Livret Video &nbsp; Op\u00e9ra . Musique de Daniel Schell\u2019 (C Sabam, Belgique 1998). Livret de Daniel Schell\u2019 sur base du roman d\u2019Am\u00e9lie Nothomb, (C. Albin Michel 1994, repr\u00e9sent\u00e9 par la SACD) Ce livret video est bas\u00e9 sur la performance qui eut lieu au Th\u00e9atre XXe, Paris en D\u00e9cembre 1997. Malheureusement &hellip;<\/p>\n","protected":false},"author":2,"featured_media":0,"parent":40,"menu_order":0,"comment_status":"closed","ping_status":"closed","template":"","meta":{"footnotes":""},"class_list":["post-329","page","type-page","status-publish","hentry"],"_links":{"self":[{"href":"https:\/\/www.danielschell.net\/index.php\/wp-json\/wp\/v2\/pages\/329"}],"collection":[{"href":"https:\/\/www.danielschell.net\/index.php\/wp-json\/wp\/v2\/pages"}],"about":[{"href":"https:\/\/www.danielschell.net\/index.php\/wp-json\/wp\/v2\/types\/page"}],"author":[{"embeddable":true,"href":"https:\/\/www.danielschell.net\/index.php\/wp-json\/wp\/v2\/users\/2"}],"replies":[{"embeddable":true,"href":"https:\/\/www.danielschell.net\/index.php\/wp-json\/wp\/v2\/comments?post=329"}],"version-history":[{"count":13,"href":"https:\/\/www.danielschell.net\/index.php\/wp-json\/wp\/v2\/pages\/329\/revisions"}],"predecessor-version":[{"id":406,"href":"https:\/\/www.danielschell.net\/index.php\/wp-json\/wp\/v2\/pages\/329\/revisions\/406"}],"up":[{"embeddable":true,"href":"https:\/\/www.danielschell.net\/index.php\/wp-json\/wp\/v2\/pages\/40"}],"wp:attachment":[{"href":"https:\/\/www.danielschell.net\/index.php\/wp-json\/wp\/v2\/media?parent=329"}],"curies":[{"name":"wp","href":"https:\/\/api.w.org\/{rel}","templated":true}]}}