{"id":34,"date":"2017-04-30T18:28:52","date_gmt":"2017-04-30T16:28:52","guid":{"rendered":"http:\/\/clicmusikr.cluster017.ovh.net\/?page_id=34"},"modified":"2018-01-21T19:48:57","modified_gmt":"2018-01-21T18:48:57","slug":"amelie-nothomb","status":"publish","type":"page","link":"https:\/\/www.danielschell.net\/index.php\/opera-music-theater\/amelie-nothomb\/","title":{"rendered":"Am\u00e9lie Nothomb, Operas-  Daniel Schell"},"content":{"rendered":"<p style=\"text-align: center;\"><a title=\"Hygi\u00e8ne de l'Assassin\" href=\"http:\/\/www.danielschell.net\/index.php\/opera-music-theater\/amelie-nothomb\/hygiene-de-lassassin-fr\/\"><strong>&#8220;Hygi\u00e8ne de l&#8217;Assassin&#8221;<\/strong><\/a>, (Fran\u00e7ais) (1996)<\/p>\n<p style=\"text-align: center;\"><a title=\"Hygi\u00e8ne de l'Assassin\" href=\"http:\/\/www.danielschell.net\/index.php\/opera-music-theater\/amelie-nothomb\/hygiene-de-lassassin\/\"><strong>&#8220;Hygi\u00e8ne de l&#8217;Assassin&#8221;<\/strong><\/a>, (English) (1996)<\/p>\n<p>&nbsp;<\/p>\n<p style=\"text-align: center;\"><a title=\"Les Combustibles\" href=\"http:\/\/www.danielschell.net\/index.php\/opera-music-theater\/amelie-nothomb\/les-combustibles\/\"><strong>&#8220;Les Combustibles&#8221;<\/strong><\/a>, (English) (1997)<\/p>\n<p>&nbsp;<\/p>\n<p style=\"text-align: center;\"><a title=\"Le Sabotage Amoureux\" href=\"http:\/\/www.danielschell.net\/index.php\/opera-music-theater\/amelie-nothomb\/le-sabotage-amoureux\/\"><strong>&#8220;Le Sabotage Amoureux&#8221;<\/strong><\/a>, (English) (5 Oct. 2006)<\/p>\n","protected":false},"excerpt":{"rendered":"<p>&#8220;Hygi\u00e8ne de l&#8217;Assassin&#8221;, (Fran\u00e7ais) (1996) &#8220;Hygi\u00e8ne de l&#8217;Assassin&#8221;, (English) (1996) &nbsp; &#8220;Les Combustibles&#8221;, (English) (1997) &nbsp; &#8220;Le Sabotage Amoureux&#8221;, (English) (5 Oct. 2006)<\/p>\n","protected":false},"author":1,"featured_media":0,"parent":27,"menu_order":0,"comment_status":"closed","ping_status":"closed","template":"","meta":{"footnotes":""},"class_list":["post-34","page","type-page","status-publish","hentry"],"_links":{"self":[{"href":"https:\/\/www.danielschell.net\/index.php\/wp-json\/wp\/v2\/pages\/34"}],"collection":[{"href":"https:\/\/www.danielschell.net\/index.php\/wp-json\/wp\/v2\/pages"}],"about":[{"href":"https:\/\/www.danielschell.net\/index.php\/wp-json\/wp\/v2\/types\/page"}],"author":[{"embeddable":true,"href":"https:\/\/www.danielschell.net\/index.php\/wp-json\/wp\/v2\/users\/1"}],"replies":[{"embeddable":true,"href":"https:\/\/www.danielschell.net\/index.php\/wp-json\/wp\/v2\/comments?post=34"}],"version-history":[{"count":8,"href":"https:\/\/www.danielschell.net\/index.php\/wp-json\/wp\/v2\/pages\/34\/revisions"}],"predecessor-version":[{"id":385,"href":"https:\/\/www.danielschell.net\/index.php\/wp-json\/wp\/v2\/pages\/34\/revisions\/385"}],"up":[{"embeddable":true,"href":"https:\/\/www.danielschell.net\/index.php\/wp-json\/wp\/v2\/pages\/27"}],"wp:attachment":[{"href":"https:\/\/www.danielschell.net\/index.php\/wp-json\/wp\/v2\/media?parent=34"}],"curies":[{"name":"wp","href":"https:\/\/api.w.org\/{rel}","templated":true}]}}