{"id":36,"date":"2017-04-30T18:33:09","date_gmt":"2017-04-30T16:33:09","guid":{"rendered":"http:\/\/clicmusikr.cluster017.ovh.net\/?page_id=36"},"modified":"2018-01-21T19:05:46","modified_gmt":"2018-01-21T18:05:46","slug":"hygiene-de-lassassin","status":"publish","type":"page","link":"https:\/\/www.danielschell.net\/index.php\/opera-music-theater\/amelie-nothomb\/hygiene-de-lassassin\/","title":{"rendered":"Hygi\u00e8ne de l&#8217;Assassin (English)"},"content":{"rendered":"<p align=\"center\">\u00a0<img loading=\"lazy\" decoding=\"async\" class=\"alignnone size-full wp-image-28\" src=\"http:\/\/www.danielschell.net\/wp-content\/uploads\/2017\/04\/Hygiene_Liege-01.jpg\" alt=\"\" width=\"221\" height=\"220\" srcset=\"https:\/\/www.danielschell.net\/wp-content\/uploads\/2017\/04\/Hygiene_Liege-01.jpg 221w, https:\/\/www.danielschell.net\/wp-content\/uploads\/2017\/04\/Hygiene_Liege-01-150x150.jpg 150w, https:\/\/www.danielschell.net\/wp-content\/uploads\/2017\/04\/Hygiene_Liege-01-201x200.jpg 201w\" sizes=\"(max-width: 221px) 100vw, 221px\" \/><\/p>\n<p align=\"center\">Gilles Wiernik (Tach) and Nina in the ORW production<br \/>\n(photo \u00a9 Opera Royal de Wallonie ORW Jacky Croisier)<\/p>\n<p><span style=\"font-family: 'Open Sans Condensed'; font-size: 2.6em; font-weight: 300;\">Opera<\/span><\/p>\n<p>&nbsp;<\/p>\n<p>Music from Daniel Schell (\u00a9 Sabam 1995)<br \/>\nLibretto from Daniel Schell (\u00a9 Sabam 1995) in collaboration with and based on the novel by Am\u00e9lie NOTHOMB \u201e Hygi\u00e8ne de l\u2019Assassin&#8221; published by Albin Michel; Paris (\u00a9 1992)<\/p>\n<p>&nbsp;<\/p>\n<h2 class=\"surtitre\">Characters<\/h2>\n<p>&nbsp;<\/p>\n<table>\n<tbody>\n<tr>\n<td>Pr\u00e9textat Tach, 83<\/td>\n<td>Nobel prize<\/td>\n<td>Bass-Baryton<\/td>\n<\/tr>\n<tr>\n<td>Nina, 30<\/td>\n<td>5thjournalist<\/td>\n<td>Soprano<\/td>\n<\/tr>\n<tr>\n<td>Furet<\/td>\n<td>1st journalist<\/td>\n<td>Counter-t\u00e9nor<\/td>\n<\/tr>\n<tr>\n<td>Coq<\/td>\n<td>2d journalist<\/td>\n<td>Tenor<\/td>\n<\/tr>\n<tr>\n<td>Singe<\/td>\n<td>3d journalist<\/td>\n<td>actor<\/td>\n<\/tr>\n<tr>\n<td>Sanglier<\/td>\n<td>4th journalist<\/td>\n<td>Baryton<\/td>\n<\/tr>\n<tr>\n<td>Souris<\/td>\n<td>a journalist<\/td>\n<td>Mezzo-Soprano<\/td>\n<\/tr>\n<tr>\n<td>M\u00e9sange<\/td>\n<td>a journalist<\/td>\n<td>Soprano<\/td>\n<\/tr>\n<tr>\n<td>The nurse<\/td>\n<td>actor<\/td>\n<td><\/td>\n<\/tr>\n<tr>\n<td>Grand Choir<\/td>\n<td><\/td>\n<td><\/td>\n<\/tr>\n<\/tbody>\n<\/table>\n<p>&nbsp;<\/p>\n<h3>Opera Royal de Wallonie, Premi\u00e8re February 11 2000.<\/h3>\n<p>&nbsp;<\/p>\n<p><img loading=\"lazy\" decoding=\"async\" class=\"alignnone wp-image-351 aligncenter\" src=\"http:\/\/www.danielschell.net\/wp-content\/uploads\/2018\/01\/T_N_Seduct_Gen-208x300.jpg\" alt=\"\" width=\"257\" height=\"371\" srcset=\"https:\/\/www.danielschell.net\/wp-content\/uploads\/2018\/01\/T_N_Seduct_Gen-208x300.jpg 208w, https:\/\/www.danielschell.net\/wp-content\/uploads\/2018\/01\/T_N_Seduct_Gen-768x1108.jpg 768w, https:\/\/www.danielschell.net\/wp-content\/uploads\/2018\/01\/T_N_Seduct_Gen-710x1024.jpg 710w, https:\/\/www.danielschell.net\/wp-content\/uploads\/2018\/01\/T_N_Seduct_Gen-139x200.jpg 139w, https:\/\/www.danielschell.net\/wp-content\/uploads\/2018\/01\/T_N_Seduct_Gen.jpg 1228w\" sizes=\"(max-width: 257px) 100vw, 257px\" \/><\/p>\n<p>&nbsp;<\/p>\n<p><strong>New production from the ORW<\/strong>, (General Director: Jean-Louis Grinda) .<\/p>\n<p>Musical Direction : Jean-Pierre Haeck. Stage direction: Frederic Roels.<br \/>\nCostumes and set: Val\u00e9rie Urbain.<br \/>\nFeaturing Gilles Wiernik (Tach), Nina, Marcel Arpots (Journaliste Furet), Christine Solhosse (Journaliste Coq), Patrick Pircak ( Journaliste Sanglier), Chamber orchestra from ORW.<\/p>\n<p>The premi\u00e8re hapened on February 11, 2000 in Li\u00e8ge.<\/p>\n<p>&nbsp;<\/p>\n<p align=\"center\"><img loading=\"lazy\" decoding=\"async\" class=\"alignnone size-medium wp-image-350\" src=\"http:\/\/www.danielschell.net\/wp-content\/uploads\/2018\/01\/T_N_Seduct_Close-300x208.jpg\" alt=\"\" width=\"300\" height=\"208\" srcset=\"https:\/\/www.danielschell.net\/wp-content\/uploads\/2018\/01\/T_N_Seduct_Close-300x208.jpg 300w, https:\/\/www.danielschell.net\/wp-content\/uploads\/2018\/01\/T_N_Seduct_Close-768x531.jpg 768w, https:\/\/www.danielschell.net\/wp-content\/uploads\/2018\/01\/T_N_Seduct_Close-1024x708.jpg 1024w, https:\/\/www.danielschell.net\/wp-content\/uploads\/2018\/01\/T_N_Seduct_Close-289x200.jpg 289w, https:\/\/www.danielschell.net\/wp-content\/uploads\/2018\/01\/T_N_Seduct_Close.jpg 1772w\" sizes=\"(max-width: 300px) 100vw, 300px\" \/><\/p>\n<p align=\"center\"><img loading=\"lazy\" decoding=\"async\" class=\"alignnone size-medium wp-image-347\" src=\"http:\/\/www.danielschell.net\/wp-content\/uploads\/2018\/01\/T_Journ3-300x205.jpg\" alt=\"\" width=\"300\" height=\"205\" srcset=\"https:\/\/www.danielschell.net\/wp-content\/uploads\/2018\/01\/T_Journ3-300x205.jpg 300w, https:\/\/www.danielschell.net\/wp-content\/uploads\/2018\/01\/T_Journ3-768x526.jpg 768w, https:\/\/www.danielschell.net\/wp-content\/uploads\/2018\/01\/T_Journ3-1024x701.jpg 1024w, https:\/\/www.danielschell.net\/wp-content\/uploads\/2018\/01\/T_Journ3-292x200.jpg 292w, https:\/\/www.danielschell.net\/wp-content\/uploads\/2018\/01\/T_Journ3.jpg 1772w\" sizes=\"(max-width: 300px) 100vw, 300px\" \/> <img loading=\"lazy\" decoding=\"async\" class=\"alignnone size-medium wp-image-348\" src=\"http:\/\/www.danielschell.net\/wp-content\/uploads\/2018\/01\/T_N_Journ1-300x209.jpg\" alt=\"\" width=\"300\" height=\"209\" srcset=\"https:\/\/www.danielschell.net\/wp-content\/uploads\/2018\/01\/T_N_Journ1-300x209.jpg 300w, https:\/\/www.danielschell.net\/wp-content\/uploads\/2018\/01\/T_N_Journ1-768x534.jpg 768w, https:\/\/www.danielschell.net\/wp-content\/uploads\/2018\/01\/T_N_Journ1-1024x713.jpg 1024w, https:\/\/www.danielschell.net\/wp-content\/uploads\/2018\/01\/T_N_Journ1-287x200.jpg 287w, https:\/\/www.danielschell.net\/wp-content\/uploads\/2018\/01\/T_N_Journ1.jpg 1772w\" sizes=\"(max-width: 300px) 100vw, 300px\" \/> <img loading=\"lazy\" decoding=\"async\" class=\"alignnone size-medium wp-image-344\" src=\"http:\/\/www.danielschell.net\/wp-content\/uploads\/2018\/01\/Journ_Clos-300x204.jpg\" alt=\"\" width=\"300\" height=\"204\" srcset=\"https:\/\/www.danielschell.net\/wp-content\/uploads\/2018\/01\/Journ_Clos-300x204.jpg 300w, https:\/\/www.danielschell.net\/wp-content\/uploads\/2018\/01\/Journ_Clos-768x523.jpg 768w, https:\/\/www.danielschell.net\/wp-content\/uploads\/2018\/01\/Journ_Clos-1024x697.jpg 1024w, https:\/\/www.danielschell.net\/wp-content\/uploads\/2018\/01\/Journ_Clos-294x200.jpg 294w, https:\/\/www.danielschell.net\/wp-content\/uploads\/2018\/01\/Journ_Clos.jpg 1772w\" sizes=\"(max-width: 300px) 100vw, 300px\" \/><\/p>\n<p>&nbsp;<\/p>\n<p align=\"center\">(photo \u00a9 Opera Royal de Wallonie ORW Jacky Croisier)<\/p>\n<h3 align=\"center\">A <strong>video<\/strong> excerpt of the aria &#8216;Trente Ans&#8217;\u00a0\u00a0\u00a0\u00a0\u00a0\u00a0\u00a0\u00a0<a href=\"https:\/\/youtu.be\/T0Bs3b9uR80\">https:\/\/youtu.be\/T0Bs3b9uR80<\/a><\/h3>\n<h3 align=\"center\">The libretto in video : <a href=\"http:\/\/www.danielschell.net\/index.php\/opera-music-theater\/amelie-nothomb\/hygiene-de-lassassin\/hygiene-video-libretto\/\">video<\/a><\/h3>\n<h2><\/h2>\n<h2 class=\"surtitre\">The first Cr\u00e9ation :<\/h2>\n<p>&#8220;Hygi\u00e8ne de l&#8217;Assassin&#8221;, a command of L&#8217;L, Mich\u00e8le Braconnier, from the Communaut\u00e9 Fran\u00e7aise de Belgique and the Aeronef of Lille, Jean-Pascal Reux, was created in Anderlecht, Brussels, Ecole des V\u00e9t\u00e9rinaires, on November 15 95 and in Lille, Aeronef on December 1st. Musical conductor: Marc Michael De Smet. Stage director: Jacky Lautem.<\/p>\n<p>&nbsp;<\/p>\n<p>Singrs : Pr\u00e9textat Tach, Gilles Wiernik &#8211; Nina, Marie-Paule Fayt &#8211; Furet, Jean F\u00fcrst &#8211; Coq, Aldo de Vernati &#8211; Sanglier et Singe, Thierry Marchant &#8211; Souris, Martje vande Ghinste -M\u00e9sange, C\u00e9cile Kempenaars &#8211;<\/p>\n<p>&nbsp;<\/p>\n<div align=\"center\"><img decoding=\"async\" src=\"http:\/\/www.danielschell.net\/images\/opera\/Hygiene_MPFayt-01.jpg\" \/> <img decoding=\"async\" src=\"http:\/\/www.danielschell.net\/images\/opera\/Hygiene_MPFayt-02.jpg\" \/> <img decoding=\"async\" src=\"http:\/\/www.danielschell.net\/images\/opera\/hygiene_JLautem-01.jpg\" \/><\/div>\n<p>&nbsp;<\/p>\n<p class=\"note\">Nina: Marie-Paule Fayt and the journalist Sanglier: Thierry Marchant in the stage direction of Jacky Lautem<\/p>\n<p>&nbsp;<\/p>\n<p>Musicians: Ensemble Karo with Emmanuel Suys: clarinet &#8211; Jan Kuijken: cello &#8211; Luc Gerard: electronic keyboards &#8211; Stefan Poelmans: harmonium &#8211; Wolfgang Daiss: tiptar &#8211; Pierre Narcisse: percussion, tabla . Electronics by Markus Reuter and Daniel Schell (computer programming). Scores by Bert Cornelis and Claudia Wester.<\/p>\n<p>&nbsp;<\/p>\n<p>Choir : Ex Tempore-Goeyvaerts Consort avec Veerle Verhaege (Sop), Greta Joris (Alt), Vera Van de Sompele (Alt), Dimitry Goethals ( C.Ten) , Tom Denys (Ten) , Gert Dhaene (ten), Kobe Bayens (ten) , Rudy Tambuyser (bas), Bart Tambuyser (Bas), Joachim Brachse (bas) .<br \/>\nSet: Jos\u00e9 Froment &#8211; Costumes: Agn\u00e8s Dubois &#8211; Technical direction: Philippe Warrant- Make-up: Jean-Pierre Finotto<br \/>\nProduction: &#8220;L\u2019 L&#8221; , Bruxelles, Mich\u00e8le Braconnier<\/p>\n<p>&nbsp;<\/p>\n<p>In 1996: Astrid Vehstedt reworked the stage direction. &#8211; Nina : Anne Horbach &#8211;<br \/>\nA CD (Clic Music) is available from this version.<\/p>\n<p>&nbsp;<\/p>\n<p align=\"center\"><img decoding=\"async\" src=\"http:\/\/www.danielschell.net\/images\/opera\/Hygiene_AHorbach_GWiernik-01.jpg\" \/><\/p>\n<p>&nbsp;<\/p>\n<p class=\"legend\">Nina: Anne Horbach &#8211; Pr\u00e9textat Tach: Gilles Wiernik in the stage direction of Astrid Vehstedt<\/p>\n<p>&nbsp;<\/p>\n<h2 class=\"surtitre\">Plan:<\/h2>\n<p>&nbsp;<\/p>\n<p>&nbsp;<\/p>\n<table>\n<tbody>\n<tr>\n<td>Scene 1:<\/td>\n<td>Obscurity<\/td>\n<td>Tach and the journalist Furet. In the Caf\u00e9 1: Souris, Furet, Coq and Sanglier, the Grand Choir<\/td>\n<\/tr>\n<tr>\n<td>Scene 2 :<\/td>\n<td>The dinner and the expurgation<\/td>\n<td>Tach (silent) , Coq (sung), Singe (spoken), l\u2019Infirmi\u00e8re(spoken). In the Caf\u00e9 2: Souris, Singe and Sanglier , the Grand Choir<\/td>\n<\/tr>\n<tr>\n<td>Scene 3<\/td>\n<td>The bath<\/td>\n<td>Tach (silent), Sanglier (sung) et l\u2019infirmi\u00e8re (silent). In theCaf\u00e9 3 : Furet, Coq and Sanglier, the Grand Choir<\/td>\n<\/tr>\n<tr>\n<td>Scene 4<\/td>\n<td>The strangulation<\/td>\n<td>Tach and the journalist Nina Nina, Souris, M\u00e9sange, Furet, Coq, Sanglier, and Tach. The Grand Choir<\/td>\n<\/tr>\n<\/tbody>\n<\/table>\n<p class=\"note\">Notes by Daniel Schell<\/p>\n<p class=\"note\"><strong>Press<\/strong><\/p>\n<p class=\"note\"><a href=\"http:\/\/www.danielschell.net\/index.php\/press-opera-international-april-2000\/\">Op\u00e9ra International April 2000<\/a><\/p>\n","protected":false},"excerpt":{"rendered":"<p>\u00a0 Gilles Wiernik (Tach) and Nina in the ORW production (photo \u00a9 Opera Royal de Wallonie ORW Jacky Croisier) Opera &nbsp; Music from Daniel Schell (\u00a9 Sabam 1995) Libretto from Daniel Schell (\u00a9 Sabam 1995) in collaboration with and based on the novel by Am\u00e9lie NOTHOMB \u201e Hygi\u00e8ne de l\u2019Assassin&#8221; &hellip;<\/p>\n","protected":false},"author":1,"featured_media":0,"parent":34,"menu_order":0,"comment_status":"closed","ping_status":"closed","template":"","meta":{"footnotes":""},"class_list":["post-36","page","type-page","status-publish","hentry"],"_links":{"self":[{"href":"https:\/\/www.danielschell.net\/index.php\/wp-json\/wp\/v2\/pages\/36"}],"collection":[{"href":"https:\/\/www.danielschell.net\/index.php\/wp-json\/wp\/v2\/pages"}],"about":[{"href":"https:\/\/www.danielschell.net\/index.php\/wp-json\/wp\/v2\/types\/page"}],"author":[{"embeddable":true,"href":"https:\/\/www.danielschell.net\/index.php\/wp-json\/wp\/v2\/users\/1"}],"replies":[{"embeddable":true,"href":"https:\/\/www.danielschell.net\/index.php\/wp-json\/wp\/v2\/comments?post=36"}],"version-history":[{"count":18,"href":"https:\/\/www.danielschell.net\/index.php\/wp-json\/wp\/v2\/pages\/36\/revisions"}],"predecessor-version":[{"id":379,"href":"https:\/\/www.danielschell.net\/index.php\/wp-json\/wp\/v2\/pages\/36\/revisions\/379"}],"up":[{"embeddable":true,"href":"https:\/\/www.danielschell.net\/index.php\/wp-json\/wp\/v2\/pages\/34"}],"wp:attachment":[{"href":"https:\/\/www.danielschell.net\/index.php\/wp-json\/wp\/v2\/media?parent=36"}],"curies":[{"name":"wp","href":"https:\/\/api.w.org\/{rel}","templated":true}]}}