{"id":40,"date":"2017-04-30T23:20:31","date_gmt":"2017-04-30T21:20:31","guid":{"rendered":"http:\/\/clicmusikr.cluster017.ovh.net\/?page_id=40"},"modified":"2018-03-20T23:06:23","modified_gmt":"2018-03-20T22:06:23","slug":"les-combustibles","status":"publish","type":"page","link":"https:\/\/www.danielschell.net\/index.php\/opera-music-theater\/amelie-nothomb\/les-combustibles\/","title":{"rendered":"Les Combustibles"},"content":{"rendered":"<p>Opera<\/p>\n<p>Music from Daniel Schell . Libretto from Daniel Schell, based on the novel by Am\u00e9lie Nothomb, C. Albin Michel 1994<br \/>\nCr\u00e9ation<br \/>\nDecember 11, 12 et 13\u00a0 1997, XXe Th\u00e9atre, Paris, during the Festival &#8220;Geste et Musique&#8221; director: Bruno Letort. Then in the Mus\u00e9e des Beaux-Arts de Lille, in March 1998. Command from the Minist\u00e8re de la Communaut\u00e9 Fran\u00e7aise de Belgique. Creation in Brussels : Espace Senghor, September 25-26 1998.<\/p>\n<p>Cast<\/p>\n<p>Le professeur (50) : bass baryton Alain Blairon<\/p>\n<p>Daniel (30) assistant of Le Professeur \u00a0 \u00a0 baryton Thierry Vallier<\/p>\n<p>Marina (20), student from last year \u00a0 \u00a0 \u00a0soprano \u00a0 \u00a0 Marie-Paule Fayt<\/p>\n<p><strong>Musical direction and keyboards :<\/strong> (Piano, harmonium,\u00a0 organ-synthetisiser) : Patrick Davin &amp; Jean-Pierre Moemaers, in alternance.<\/p>\n<p><strong>Stage direction:<\/strong> Daniel Donies<img loading=\"lazy\" decoding=\"async\" class=\" wp-image-41 alignright\" src=\"http:\/\/www.danielschell.net\/wp-content\/uploads\/2017\/04\/Combustibles-03-212x300.jpg\" alt=\"\" width=\"143\" height=\"203\" srcset=\"https:\/\/www.danielschell.net\/wp-content\/uploads\/2017\/04\/Combustibles-03-212x300.jpg 212w, https:\/\/www.danielschell.net\/wp-content\/uploads\/2017\/04\/Combustibles-03-141x200.jpg 141w, https:\/\/www.danielschell.net\/wp-content\/uploads\/2017\/04\/Combustibles-03.jpg 616w\" sizes=\"(max-width: 143px) 100vw, 143px\" \/><br \/>\n<strong>Costumes:<\/strong> Christine Flaschoen<br \/>\n<strong>Light:<\/strong> Xavier Lauwers &amp; Michel Delvigne<br \/>\n<strong>Make-up:<\/strong> Martine Lemaire<br \/>\n<strong>Production:<\/strong>L\u2019L , Mich\u00e8le Braconnier<br \/>\n<strong>Libretto &amp; CD:<\/strong> live recording of\u00a0 &#8220;Les Combustibles&#8221;\u00a0 XXe Th\u00e9atre,\u00a0 Paris, D\u00e9cember 1997.<br \/>\nThe creation in Theatre du XXe Paris was made with the help of Bruno Letort, France-Musique<\/p>\n<h2>The action<\/h2>\n<p>A cold winter, of a civil war (Sarajevo?). The Professeur and his Assistant Daniel discuss about art. Marina, fianc\u00e9e of Daniel,\u00a0 enters. She <img loading=\"lazy\" decoding=\"async\" class=\" wp-image-42 alignright\" src=\"http:\/\/www.danielschell.net\/wp-content\/uploads\/2017\/04\/Combustibles-04-194x300.jpg\" alt=\"\" width=\"143\" height=\"221\" srcset=\"https:\/\/www.danielschell.net\/wp-content\/uploads\/2017\/04\/Combustibles-04-194x300.jpg 194w, https:\/\/www.danielschell.net\/wp-content\/uploads\/2017\/04\/Combustibles-04-129x200.jpg 129w, https:\/\/www.danielschell.net\/wp-content\/uploads\/2017\/04\/Combustibles-04.jpg 550w\" sizes=\"(max-width: 143px) 100vw, 143px\" \/>freezes. They have nothing left to burn. They decide to burn the books. Which one will be the first. Which one the last?<\/p>\n<p>&nbsp;<\/p>\n<p>Videos<\/p>\n<p>Excerpt of &#8216;<a href=\"https:\/\/youtu.be\/fCIJsBPZv2s\">Les Combustibles<\/a> , (15 min) Entrevues, Botanique, Brussels 1999<\/p>\n<p>with : Therese Bouret (soprano) Alain Blairon (bass-barytone) , Thierry Vallier (barytone) . Piano: Jean-Pierre Moemaers<\/p>\n<p><a href=\"http:\/\/www.danielschell.net\/index.php\/opera-music-theater\/amelie-nothomb\/les-combustibles\/libretto-video-les-combustibles\/\">Libretto-Video<\/a>\u00a0 The libretto in video<\/p>\n","protected":false},"excerpt":{"rendered":"<p>Opera Music from Daniel Schell . Libretto from Daniel Schell, based on the novel by Am\u00e9lie Nothomb, C. Albin Michel 1994 Cr\u00e9ation December 11, 12 et 13\u00a0 1997, XXe Th\u00e9atre, Paris, during the Festival &#8220;Geste et Musique&#8221; director: Bruno Letort. Then in the Mus\u00e9e des Beaux-Arts de Lille, in March &hellip;<\/p>\n","protected":false},"author":1,"featured_media":0,"parent":34,"menu_order":1,"comment_status":"closed","ping_status":"closed","template":"","meta":{"footnotes":""},"class_list":["post-40","page","type-page","status-publish","hentry"],"_links":{"self":[{"href":"https:\/\/www.danielschell.net\/index.php\/wp-json\/wp\/v2\/pages\/40"}],"collection":[{"href":"https:\/\/www.danielschell.net\/index.php\/wp-json\/wp\/v2\/pages"}],"about":[{"href":"https:\/\/www.danielschell.net\/index.php\/wp-json\/wp\/v2\/types\/page"}],"author":[{"embeddable":true,"href":"https:\/\/www.danielschell.net\/index.php\/wp-json\/wp\/v2\/users\/1"}],"replies":[{"embeddable":true,"href":"https:\/\/www.danielschell.net\/index.php\/wp-json\/wp\/v2\/comments?post=40"}],"version-history":[{"count":9,"href":"https:\/\/www.danielschell.net\/index.php\/wp-json\/wp\/v2\/pages\/40\/revisions"}],"predecessor-version":[{"id":409,"href":"https:\/\/www.danielschell.net\/index.php\/wp-json\/wp\/v2\/pages\/40\/revisions\/409"}],"up":[{"embeddable":true,"href":"https:\/\/www.danielschell.net\/index.php\/wp-json\/wp\/v2\/pages\/34"}],"wp:attachment":[{"href":"https:\/\/www.danielschell.net\/index.php\/wp-json\/wp\/v2\/media?parent=40"}],"curies":[{"name":"wp","href":"https:\/\/api.w.org\/{rel}","templated":true}]}}