{"id":59,"date":"2017-04-30T23:56:04","date_gmt":"2017-04-30T21:56:04","guid":{"rendered":"http:\/\/clicmusikr.cluster017.ovh.net\/?page_id=59"},"modified":"2017-05-01T17:56:21","modified_gmt":"2017-05-01T15:56:21","slug":"digue","status":"publish","type":"page","link":"https:\/\/www.danielschell.net\/index.php\/opera-music-theater\/christian-dotremont-2\/digue\/","title":{"rendered":"Digue"},"content":{"rendered":"<p>La composition est con\u00e7ue pour un chanteur (ou une chanteuse) et un petit ensemble (2 ou 3 musiciens). L&#8217;\u00e9criture est simple et essentiellement th\u00e9\u00e2trale.<\/p>\n<p><strong>Chanteur:<\/strong> Soprano ou Baryton. Ecriture centrale, sur environ 1 octave et demie, (do au sol) qui peut convenir tant \u00e0 une soprano qu&#8217;\u00e0 un baryton.<br \/>\n<strong>Violoncelle:<\/strong> Le violoncelle refl\u00e8te de fa\u00e7on analogique les mouvements de &#8220;logogrammes&#8221;, afin d&#8217;exprimer une dynamique d&#8217;expression violente, un peu \u00e0 la &#8216;Jackson Pollock&#8217;.<\/p>\n<p><strong>Partie d\u2019accompagnement :<\/strong> Cette partie est simple afin de convenir \u00e0 plusieurs instruments. Elle est con\u00e7ue pour une tape-guitare, mais peut \u00eatre jou\u00e9e par 2 guitares, une guitare et une (contre-basse) ou encore un instrument \u00e0 clavier.<\/p>\n<p>Il s&#8217;agit d&#8217;un r\u00e9cital mis en sc\u00e8ne. Dans un premier stade, une sc\u00e9nographie simple (projections) met les graphismes en rapport avec les po\u00e9sies chant\u00e9es. Le chanteur, personnage central, repr\u00e9sente Dotremont, ou son h\u00e9ros\/ h\u00e9ro\u00efne (car il s\u2019agit peut-\u00eatre d\u2019une femme \u2026). Les deux autres musiciens sont les deux photographes pr\u00e9sents.<\/p>\n<p>Dans un stade ult\u00e9rieur, j&#8217;aimerais inclure aussi d&#8217;autres acteurs de ce mouvement &#8216;logogrammique&#8217; comme Alechinsky, ou encore Henri Michaux et sa collaboration avec le po\u00eate bengali Lokenath Bhattacharya.<\/p>\n<h3>Cr\u00e9ation de l&#8217;\u0153uvre compl\u00e8te Mus\u00e9e d&#8217;Ixelles, Septembre 3 2005<\/h3>\n<p>&nbsp;<\/p>\n<p><strong>Mathilde Severin<\/strong> \u2013 soprano<br \/>\n<strong>Ang\u00e9lique Charbonnel<\/strong> \u2013 cello<br \/>\n<strong>Fabrice Rodriguez<\/strong> &#8211; guitare<br \/>\n<strong>Adrien Brogna<\/strong> \u2013 guitare<br \/>\nLa direction musicale : <strong>Jean-Philippe Collard<\/strong>.<br \/>\nLes musiciens jouent dans un dispositif simple, devant un \u00e9cran, o\u00f9 sont projet\u00e9s les logogrammes et photos, en temps r\u00e9el avec la partition.<br \/>\nLe dispositif est un ordinateur portable, reli\u00e9 \u00e0 un projecteur.<br \/>\nLe conservatoire de Mons, sous la direction de Andr\u00e9 Foulon, se charge de la r\u00e9alisation musicale<\/p>\n<div align=\"center\"><\/div>\n<p>Le Mus\u00e9e d&#8217;Ixelles, a accept\u00e9 de commander la cr\u00e9ation de l&#8217;\u0153uvre compl\u00e8te qui sera repr\u00e9sent\u00e9e le 4 septembre 2005 \u00e0 11h. Ce concert cloturera l&#8217;exposition des \u0153uvres de Dotremont pr\u00eat\u00e9es par Alechinsky au Mus\u00e9e d&#8217;Ixelles. Alechinsky a bien voulu accorder son aimable autorisation \u00e0 cet \u00e9v\u00e9nement.<\/p>\n<p>Le chant 1 de Digue a \u00e9t\u00e9 cr\u00e9\u00e9 \u00e0 Mons en Mai 2004, lors de l&#8217;Exposition Dotremont au Mus\u00e9e des Beaux-Arts, grace \u00e0 l&#8217;initiative de Jean-Paul Deplus et Xavier Roland de l&#8217;Echevinat de la Culture.<\/p>\n<div align=\"center\">\n<h3>Logogrammes<\/h3>\n<\/div>\n<p>&nbsp;<\/p>\n<p>\u00ab Rien qu\u2019\u00e0 entendre cette pluie, je me prom\u00e8ne avec une jeune dame qui me tient en laisse\u2026 \u00bb Figure extraite de &#8216;Logogrammes II&#8217; 1965.<\/p>\n<div align=\"center\"><\/div>\n<p>&nbsp;<\/p>\n<p>La m\u00eame agrandie : \u00ab A sein des signes, le sens \u00bb . Mettons que ces logogrammes se pr\u00e9sentent sous la forme d\u2019une partition. Dans la deuxi\u00e8me ligne, AG, 1er signe, je vois \u2018l\u2019Avanceur\u2019. Au millieu, je vois un oiseau, une sorte de &#8220;marabout\u2026&#8221;<\/p>\n<div align=\"center\"><\/div>\n<p>&nbsp;<\/p>\n<p>Gros plan du marabout<\/p>\n<div align=\"center\"><\/div>\n<p>&nbsp;<\/p>\n<div align=\"center\">\n<h3>La Partition<\/h3>\n<p>&nbsp;<\/p>\n<\/div>\n","protected":false},"excerpt":{"rendered":"<p>La composition est con\u00e7ue pour un chanteur (ou une chanteuse) et un petit ensemble (2 ou 3 musiciens). L&#8217;\u00e9criture est simple et essentiellement th\u00e9\u00e2trale. Chanteur: Soprano ou Baryton. Ecriture centrale, sur environ 1 octave et demie, (do au sol) qui peut convenir tant \u00e0 une soprano qu&#8217;\u00e0 un baryton. Violoncelle: &hellip;<\/p>\n","protected":false},"author":1,"featured_media":0,"parent":190,"menu_order":1,"comment_status":"closed","ping_status":"closed","template":"","meta":{"footnotes":""},"class_list":["post-59","page","type-page","status-publish","hentry"],"_links":{"self":[{"href":"https:\/\/www.danielschell.net\/index.php\/wp-json\/wp\/v2\/pages\/59"}],"collection":[{"href":"https:\/\/www.danielschell.net\/index.php\/wp-json\/wp\/v2\/pages"}],"about":[{"href":"https:\/\/www.danielschell.net\/index.php\/wp-json\/wp\/v2\/types\/page"}],"author":[{"embeddable":true,"href":"https:\/\/www.danielschell.net\/index.php\/wp-json\/wp\/v2\/users\/1"}],"replies":[{"embeddable":true,"href":"https:\/\/www.danielschell.net\/index.php\/wp-json\/wp\/v2\/comments?post=59"}],"version-history":[{"count":1,"href":"https:\/\/www.danielschell.net\/index.php\/wp-json\/wp\/v2\/pages\/59\/revisions"}],"predecessor-version":[{"id":60,"href":"https:\/\/www.danielschell.net\/index.php\/wp-json\/wp\/v2\/pages\/59\/revisions\/60"}],"up":[{"embeddable":true,"href":"https:\/\/www.danielschell.net\/index.php\/wp-json\/wp\/v2\/pages\/190"}],"wp:attachment":[{"href":"https:\/\/www.danielschell.net\/index.php\/wp-json\/wp\/v2\/media?parent=59"}],"curies":[{"name":"wp","href":"https:\/\/api.w.org\/{rel}","templated":true}]}}